{"id":11547,"date":"2021-10-07T08:32:19","date_gmt":"2021-10-07T05:32:19","guid":{"rendered":"https:\/\/www.mil-may.com.tr\/?page_id=11547"},"modified":"2023-10-27T09:43:51","modified_gmt":"2023-10-27T06:43:51","slug":"hakkimizda","status":"publish","type":"page","link":"https:\/\/www.mil-may.com.tr\/en\/hakkimizda\/","title":{"rendered":"About Us"},"content":{"rendered":"<div data-elementor-type=\"wp-page\" data-elementor-id=\"11547\" class=\"elementor elementor-11547\">\n\t\t\t\t\t\t\t\t\t<section class=\"elementor-section elementor-top-section elementor-element elementor-element-d638d61 elementor-section-full_width elementor-reverse-tablet elementor-reverse-mobile elementor-section-height-default elementor-section-height-default qodef-elementor-content-no\" data-id=\"d638d61\" data-element_type=\"section\" data-settings=\"{&quot;background_background&quot;:&quot;classic&quot;}\">\n\t\t\t\t\t\t<div class=\"elementor-container elementor-column-gap-default\">\n\t\t\t\t\t<div class=\"elementor-column elementor-col-50 elementor-top-column elementor-element elementor-element-35874f3\" data-id=\"35874f3\" data-element_type=\"column\">\n\t\t\t<div class=\"elementor-widget-wrap elementor-element-populated\">\n\t\t\t\t\t\t\t\t<div class=\"elementor-element elementor-element-0c47790 elementor-widget__width-initial elementor-widget-mobile__width-inherit elementor-widget-tablet__width-inherit elementor-widget elementor-widget-halstein_core_section_title\" data-id=\"0c47790\" data-element_type=\"widget\" data-widget_type=\"halstein_core_section_title.default\">\n\t\t\t\t<div class=\"elementor-widget-container\">\n\t\t\t<div class=\"qodef-shortcode qodef-m  qodef-section-title qodef-alignment--left\">\n\t\t\t<h2 class=\"qodef-m-title\" >\n\t\t\t\t\tHistory\t\t\t<\/h2>\n\t\t\t<p class=\"qodef-m-text-field\" >\n\t\tWe owe our present position to our product quality, and the latter is the result of one hundred percent customer-focused approach. Its present name given in 2001, Mil-May Tekstil is a factory exporting knitted textile products for women, men and children to some of the most respected brands in Europe. Management, social compliance, marketing, design, accessories and pattern departments are located in our head office and factory covering 12,000 square meters and situated in Istanbul, and our factory covering 13,000 square meters is situated in Malatya, both of which are our own property.  The organic and recycle manufacturing specialty we developed over the years is proven with the GOTS, GRS, OCS and OEKO-TEX certificates we hold, and our environment-friendly approach is proven with ISO 14001 and Higg FEM certificates. Our social responsibility policy is represented by our independent Social Compliance Department and evidenced by SEDEX, BSCI and ICS certificates. All relevant processes are updated by a third party consulting service provider at regular intervals. We present new collections each season at realistic costs, and competitive manufacturing plans within optimum delivery terms.\t<\/p>\n\t<\/div>\n\t\t<\/div>\n\t\t\t\t<\/div>\n\t\t\t\t\t<\/div>\n\t\t<\/div>\n\t\t\t\t<div class=\"elementor-column elementor-col-50 elementor-top-column elementor-element elementor-element-0f9f122\" data-id=\"0f9f122\" data-element_type=\"column\" data-settings=\"{&quot;background_background&quot;:&quot;classic&quot;}\">\n\t\t\t<div class=\"elementor-widget-wrap elementor-element-populated\">\n\t\t\t\t\t\t\t\t<div class=\"elementor-element elementor-element-9bf46d7 elementor-widget elementor-widget-halstein_core_single_image\" data-id=\"9bf46d7\" data-element_type=\"widget\" data-widget_type=\"halstein_core_single_image.default\">\n\t\t\t\t<div class=\"elementor-widget-container\">\n\t\t\t<div class=\"qodef-shortcode qodef-m  qodef-single-image qodef-layout--default\">\n\t<div class=\"qodef-m-image qodef-zoom-scroll\">\n\t\t\t\t<img loading=\"lazy\" decoding=\"async\" width=\"960\" height=\"615\" src=\"https:\/\/www.mil-may.com.tr\/wp-content\/uploads\/2023\/10\/Milmay-Malatya-1.jpg\" class=\"attachment-full size-full\" alt=\"\" srcset=\"https:\/\/www.mil-may.com.tr\/wp-content\/uploads\/2023\/10\/Milmay-Malatya-1.jpg 960w, https:\/\/www.mil-may.com.tr\/wp-content\/uploads\/2023\/10\/Milmay-Malatya-1-300x192.jpg 300w, https:\/\/www.mil-may.com.tr\/wp-content\/uploads\/2023\/10\/Milmay-Malatya-1-768x492.jpg 768w\" sizes=\"auto, (max-width: 960px) 100vw, 960px\" \/>\t\t\t<\/div>\n<\/div>\n\t\t<\/div>\n\t\t\t\t<\/div>\n\t\t\t\t\t<\/div>\n\t\t<\/div>\n\t\t\t\t\t\t\t<\/div>\n\t\t<\/section>\n\t\t\t\t<section class=\"elementor-section elementor-top-section elementor-element elementor-element-f103b38 elementor-section-full_width elementor-reverse-tablet elementor-reverse-mobile elementor-section-height-default elementor-section-height-default qodef-elementor-content-no\" data-id=\"f103b38\" data-element_type=\"section\" data-settings=\"{&quot;background_background&quot;:&quot;classic&quot;}\">\n\t\t\t\t\t\t<div class=\"elementor-container elementor-column-gap-default\">\n\t\t\t\t\t<div class=\"elementor-column elementor-col-50 elementor-top-column elementor-element elementor-element-45a9b41\" data-id=\"45a9b41\" data-element_type=\"column\">\n\t\t\t<div class=\"elementor-widget-wrap elementor-element-populated\">\n\t\t\t\t\t\t\t\t<div class=\"elementor-element elementor-element-74de618 elementor-widget__width-initial elementor-widget-mobile__width-inherit elementor-widget-tablet__width-inherit elementor-widget elementor-widget-halstein_core_section_title\" data-id=\"74de618\" data-element_type=\"widget\" data-widget_type=\"halstein_core_section_title.default\">\n\t\t\t\t<div class=\"elementor-widget-container\">\n\t\t\t<div class=\"qodef-shortcode qodef-m  qodef-section-title qodef-alignment--left\">\n\t\t\t<h3 class=\"qodef-m-title\" >\n\t\t\t\t\tVision\t\t\t<\/h3>\n\t\t\t<p class=\"qodef-m-text-field\" >\n\t\tOur vision is to achieve our country, industry and brand targets at maximum levels thanks to our innovative and sustainable principles and innovative manufacturing. Our ultimate target is to increase the quality of our products and to introduce our position and name Mil-May Tekstil to more and more customers.\t<\/p>\n\t<\/div>\n\t\t<\/div>\n\t\t\t\t<\/div>\n\t\t\t\t<div class=\"elementor-element elementor-element-908e4f3 elementor-widget__width-initial elementor-widget-mobile__width-inherit elementor-widget-tablet__width-inherit elementor-widget elementor-widget-halstein_core_section_title\" data-id=\"908e4f3\" data-element_type=\"widget\" data-widget_type=\"halstein_core_section_title.default\">\n\t\t\t\t<div class=\"elementor-widget-container\">\n\t\t\t<div class=\"qodef-shortcode qodef-m  qodef-section-title qodef-alignment--left\">\n\t\t\t<h3 class=\"qodef-m-title\" >\n\t\t\t\t\tMission\t\t\t<\/h3>\n\t\t\t<p class=\"qodef-m-text-field\" >\n\t\tOur mission is to meet customers\u2019 expectations and this industry\u2019s requirements by providing the best quality products and services.  Adopting a principle of service focusing on customer satisfaction and quality, we understand the expectations and provide services accordingly and work non-stop to contribute more to both this industry and this country.\t<\/p>\n\t<\/div>\n\t\t<\/div>\n\t\t\t\t<\/div>\n\t\t\t\t\t<\/div>\n\t\t<\/div>\n\t\t\t\t<div class=\"elementor-column elementor-col-50 elementor-top-column elementor-element elementor-element-423a44e\" data-id=\"423a44e\" data-element_type=\"column\" data-settings=\"{&quot;background_background&quot;:&quot;classic&quot;}\">\n\t\t\t<div class=\"elementor-widget-wrap elementor-element-populated\">\n\t\t\t\t\t\t\t\t<div class=\"elementor-element elementor-element-23b3822 elementor-widget elementor-widget-halstein_core_single_image\" data-id=\"23b3822\" data-element_type=\"widget\" data-widget_type=\"halstein_core_single_image.default\">\n\t\t\t\t<div class=\"elementor-widget-container\">\n\t\t\t<div class=\"qodef-shortcode qodef-m  qodef-single-image qodef-layout--default\">\n\t<div class=\"qodef-m-image qodef-zoom-scroll\">\n\t\t\t\t<img loading=\"lazy\" decoding=\"async\" width=\"960\" height=\"615\" src=\"https:\/\/www.mil-may.com.tr\/wp-content\/uploads\/2023\/08\/misyon-misyon-box.jpg\" class=\"attachment-full size-full\" alt=\"\" srcset=\"https:\/\/www.mil-may.com.tr\/wp-content\/uploads\/2023\/08\/misyon-misyon-box.jpg 960w, https:\/\/www.mil-may.com.tr\/wp-content\/uploads\/2023\/08\/misyon-misyon-box-300x192.jpg 300w, https:\/\/www.mil-may.com.tr\/wp-content\/uploads\/2023\/08\/misyon-misyon-box-768x492.jpg 768w\" sizes=\"auto, (max-width: 960px) 100vw, 960px\" \/>\t\t\t<\/div>\n<\/div>\n\t\t<\/div>\n\t\t\t\t<\/div>\n\t\t\t\t\t<\/div>\n\t\t<\/div>\n\t\t\t\t\t\t\t<\/div>\n\t\t<\/section>\n\t\t\t\t<section class=\"elementor-section elementor-top-section elementor-element elementor-element-b8085e0 elementor-section-full_width elementor-section-height-default elementor-section-height-default qodef-elementor-content-no\" data-id=\"b8085e0\" data-element_type=\"section\">\n\t\t\t\t\t\t<div class=\"elementor-container elementor-column-gap-default\">\n\t\t\t\t\t<div class=\"elementor-column elementor-col-100 elementor-top-column elementor-element elementor-element-b0802ec\" data-id=\"b0802ec\" data-element_type=\"column\">\n\t\t\t<div class=\"elementor-widget-wrap elementor-element-populated\">\n\t\t\t\t\t\t\t\t<div class=\"elementor-element elementor-element-03de921 elementor-widget elementor-widget-halstein_core_video_button_with_text\" data-id=\"03de921\" data-element_type=\"widget\" data-widget_type=\"halstein_core_video_button_with_text.default\">\n\t\t\t\t<div class=\"elementor-widget-container\">\n\t\t\t<div class=\"qodef-shortcode qodef-m  qodef-video-button-with-text qodef-layout--video-button-left qodef-text-break--disabled\">\n\t\t<div class=\"qodef-m-video-button\">\n\t\t<div class=\"qodef-shortcode qodef-m  qodef-video-button qodef--has-img\">\t\t<div class=\"qodef-m-image\">\t\t<img loading=\"lazy\" decoding=\"async\" width=\"2560\" height=\"1215\" src=\"https:\/\/www.mil-may.com.tr\/wp-content\/uploads\/2023\/06\/Screenshot-2023-06-19-at-08.28.34-scaled.jpg\" class=\"attachment-full size-full\" alt=\"\" srcset=\"https:\/\/www.mil-may.com.tr\/wp-content\/uploads\/2023\/06\/Screenshot-2023-06-19-at-08.28.34-scaled.jpg 2560w, https:\/\/www.mil-may.com.tr\/wp-content\/uploads\/2023\/06\/Screenshot-2023-06-19-at-08.28.34-300x142.jpg 300w, https:\/\/www.mil-may.com.tr\/wp-content\/uploads\/2023\/06\/Screenshot-2023-06-19-at-08.28.34-1024x486.jpg 1024w, https:\/\/www.mil-may.com.tr\/wp-content\/uploads\/2023\/06\/Screenshot-2023-06-19-at-08.28.34-768x365.jpg 768w, https:\/\/www.mil-may.com.tr\/wp-content\/uploads\/2023\/06\/Screenshot-2023-06-19-at-08.28.34-1536x729.jpg 1536w, https:\/\/www.mil-may.com.tr\/wp-content\/uploads\/2023\/06\/Screenshot-2023-06-19-at-08.28.34-2048x972.jpg 2048w\" sizes=\"auto, (max-width: 2560px) 100vw, 2560px\" \/>\t<\/div>\t\t<a itemprop=\"url\" class=\"qodef-m-play qodef-magnific-popup qodef-popup-item\"  href=\"https:\/\/www.youtube.com\/watch?v=jxPKo1U7nxc\" data-type=\"iframe\">\t\t<span class=\"qodef-m-play-inner\">\t\t\t<svg class=\"qodef-svg--video-button\" xmlns=\"http:\/\/www.w3.org\/2000\/svg\"     xmlns:xlink=\"http:\/\/www.w3.org\/1999\/xlink\" x=\"0px\" y=\"0px\" width=\"206px\"     viewbox=\"0 0 206 206\" style=\"enable-background:new 0 0 206 206;\" xml:space=\"preserve\"><circle class=\"qodef-m-circle\" stroke-miterlimit=\"10\" cx=\"103\" cy=\"103\" r=\"100\"\/><path class=\"qodef-m-arrow\" d=\"M95.4,94.4l15,9.4l-15,9.4V94.4z\"\/><path class=\"qodef-m-circle-half qodef--top-half\" stroke-width=\"3\" stroke-miterlimit=\"10\"\t      d=\"M16.4,53C44,5.2,105.2-11.2,153,16.4s64.2,88.8,36.6,136.6\"\/><path class=\"qodef-m-circle-half  qodef--bottom-half\" stroke-width=\"3\" stroke-miterlimit=\"10\"\t      d=\"M189.6,153C162,200.8,100.8,217.2,53,189.6S-11.2,100.8,16.4,53\"\/><\/svg>\t\t<\/span>\t<\/a><\/div>\t<\/div>\n\t<div class=\"qodef-m-content\">\n\t\t<div class=\"qodef-m-content-image\">\n\t<img loading=\"lazy\" decoding=\"async\" width=\"640\" height=\"850\" src=\"https:\/\/www.mil-may.com.tr\/wp-content\/uploads\/2023\/06\/milmay-video-image-v4.jpg\" class=\"attachment-full size-full\" alt=\"\" srcset=\"https:\/\/www.mil-may.com.tr\/wp-content\/uploads\/2023\/06\/milmay-video-image-v4.jpg 640w, https:\/\/www.mil-may.com.tr\/wp-content\/uploads\/2023\/06\/milmay-video-image-v4-226x300.jpg 226w\" sizes=\"auto, (max-width: 640px) 100vw, 640px\" \/><\/div>\n\t\t<div class=\"qodef-m-content-inner\" style=\"background-color: #0085A1E3\">\n\t\t\t\t<h4 class=\"qodef-m-text\" >\n\t\tWatch this video to get to know us more.\t<\/h4>\n\t\t<\/div>\n\t<\/div>\n<\/div>\n\t\t<\/div>\n\t\t\t\t<\/div>\n\t\t\t\t\t<\/div>\n\t\t<\/div>\n\t\t\t\t\t\t\t<\/div>\n\t\t<\/section>\n\t\t\t\t\t\t\t<\/div>","protected":false},"excerpt":{"rendered":"<p>Tarih\u00e7e Bizi bug\u00fcnk\u00fc konumumuza getiren \u00fcretim kalitemiz ise y\u00fczde y\u00fcz\u00a0m\u00fc\u015fteri odakl\u0131 yakla\u015f\u0131m\u0131n eseridir. Bug\u00fcnk\u00fc ismini 2001 y\u0131l\u0131nda alan Mil-May Tekstil, Avrupa\u2019n\u0131n sayg\u0131n markalar\u0131na kad\u0131n, erkek ve \u00e7ocuk \u00f6rme tekstil \u00fcr\u00fcnleri ihracat\u0131 yapan \u00fcretim tesisidir. Mil-May\u2019\u0131n y\u00f6netim, sosyal uygunluk, pazarlama, tasar\u0131m, aksesuar, ve modelhane birimleri kendimize ait 12.000 metrekare \u0130stanbul binam\u0131zda, fabrikas\u0131 ise yine kendimize ait [&hellip;]<\/p>","protected":false},"author":1,"featured_media":0,"parent":0,"menu_order":0,"comment_status":"closed","ping_status":"closed","template":"page-full-width.php","meta":{"om_disable_all_campaigns":false,"_monsterinsights_skip_tracking":false,"_monsterinsights_sitenote_active":false,"_monsterinsights_sitenote_note":"","_monsterinsights_sitenote_category":0,"footnotes":""},"class_list":["post-11547","page","type-page","status-publish","hentry"],"aioseo_notices":[],"_links":{"self":[{"href":"https:\/\/www.mil-may.com.tr\/en\/wp-json\/wp\/v2\/pages\/11547","targetHints":{"allow":["GET"]}}],"collection":[{"href":"https:\/\/www.mil-may.com.tr\/en\/wp-json\/wp\/v2\/pages"}],"about":[{"href":"https:\/\/www.mil-may.com.tr\/en\/wp-json\/wp\/v2\/types\/page"}],"author":[{"embeddable":true,"href":"https:\/\/www.mil-may.com.tr\/en\/wp-json\/wp\/v2\/users\/1"}],"replies":[{"embeddable":true,"href":"https:\/\/www.mil-may.com.tr\/en\/wp-json\/wp\/v2\/comments?post=11547"}],"version-history":[{"count":164,"href":"https:\/\/www.mil-may.com.tr\/en\/wp-json\/wp\/v2\/pages\/11547\/revisions"}],"predecessor-version":[{"id":12717,"href":"https:\/\/www.mil-may.com.tr\/en\/wp-json\/wp\/v2\/pages\/11547\/revisions\/12717"}],"wp:attachment":[{"href":"https:\/\/www.mil-may.com.tr\/en\/wp-json\/wp\/v2\/media?parent=11547"}],"curies":[{"name":"wp","href":"https:\/\/api.w.org\/{rel}","templated":true}]}}