{"id":13047,"date":"2025-01-17T10:59:00","date_gmt":"2025-01-17T07:59:00","guid":{"rendered":"https:\/\/www.mil-may.com.tr\/?page_id=13047"},"modified":"2025-01-17T11:01:11","modified_gmt":"2025-01-17T08:01:11","slug":"mil-may","status":"publish","type":"page","link":"https:\/\/www.mil-may.com.tr\/en\/mil-may\/","title":{"rendered":"Mil-May"},"content":{"rendered":"<div data-elementor-type=\"wp-page\" data-elementor-id=\"13047\" class=\"elementor elementor-13047\">\n\t\t\t\t\t\t\t\t\t<section class=\"elementor-section elementor-top-section elementor-element elementor-element-ab45142 elementor-section-boxed elementor-section-height-default elementor-section-height-default qodef-elementor-content-no\" data-id=\"ab45142\" data-element_type=\"section\">\n\t\t\t\t\t\t<div class=\"elementor-container elementor-column-gap-default\">\n\t\t\t\t\t<div class=\"elementor-column elementor-col-100 elementor-top-column elementor-element elementor-element-0dab213\" data-id=\"0dab213\" data-element_type=\"column\">\n\t\t\t<div class=\"elementor-widget-wrap elementor-element-populated\">\n\t\t\t\t\t\t\t\t<div class=\"elementor-element elementor-element-51f995e elementor-widget elementor-widget-wp-widget-halstein_core_contact_form_7\" data-id=\"51f995e\" data-element_type=\"widget\" data-widget_type=\"wp-widget-halstein_core_contact_form_7.default\">\n\t\t\t\t<div class=\"elementor-widget-container\">\n\t\t\t\t\t\t<div class=\"qodef-contact-form-7  qodef-button-layout--filled-two\" >\n\t\t\t\t\t\t\t\t\t\n<div class=\"wpcf7 no-js\" id=\"wpcf7-f13044-o1\" lang=\"tr-TR\" dir=\"ltr\" data-wpcf7-id=\"13044\">\n<div class=\"screen-reader-response\"><p role=\"status\" aria-live=\"polite\" aria-atomic=\"true\"><\/p> <ul><\/ul><\/div>\n<form action=\"\/en\/wp-json\/wp\/v2\/pages\/13047#wpcf7-f13044-o1\" method=\"post\" class=\"wpcf7-form init cf7mls-no-scroll cf7mls-no-moving-animation\" aria-label=\"Contact Form\" enctype=\"multipart\/form-data\" novalidate=\"novalidate\" data-status=\"init\" data-trp-original-action=\"\/en\/wp-json\/wp\/v2\/pages\/13047#wpcf7-f13044-o1\">\n<div style=\"display: none;\">\n<input type=\"hidden\" name=\"_wpcf7\" value=\"13044\" \/>\n<input type=\"hidden\" name=\"_wpcf7_version\" value=\"6.0.2\" \/>\n<input type=\"hidden\" name=\"_wpcf7_locale\" value=\"tr_TR\" \/>\n<input type=\"hidden\" name=\"_wpcf7_unit_tag\" value=\"wpcf7-f13044-o1\" \/>\n<input type=\"hidden\" name=\"_wpcf7_container_post\" value=\"0\" \/>\n<input type=\"hidden\" name=\"_wpcf7_posted_data_hash\" value=\"\" \/>\n<input type=\"hidden\" name=\"_wpcf7cf_hidden_group_fields\" value=\"[]\" \/>\n<input type=\"hidden\" name=\"_wpcf7cf_hidden_groups\" value=\"[]\" \/>\n<input type=\"hidden\" name=\"_wpcf7cf_visible_groups\" value=\"[]\" \/>\n<input type=\"hidden\" name=\"_wpcf7cf_repeaters\" value=\"[]\" \/>\n<input type=\"hidden\" name=\"_wpcf7cf_steps\" value=\"{}\" \/>\n<input type=\"hidden\" name=\"_wpcf7cf_options\" value=\"{&quot;form_id&quot;:13044,&quot;conditions&quot;:[{&quot;then_field&quot;:&quot;sikayet-secimi&quot;,&quot;and_rules&quot;:[{&quot;if_field&quot;:&quot;olay-sayfasi-secim&quot;,&quot;operator&quot;:&quot;equals&quot;,&quot;if_value&quot;:&quot;\\u015eikayet&quot;}]},{&quot;then_field&quot;:&quot;oneri-secimi&quot;,&quot;and_rules&quot;:[{&quot;if_field&quot;:&quot;olay-sayfasi-secim&quot;,&quot;operator&quot;:&quot;equals&quot;,&quot;if_value&quot;:&quot;Dilek ve \\u00d6neri&quot;}]},{&quot;then_field&quot;:&quot;ramak-secimi&quot;,&quot;and_rules&quot;:[{&quot;if_field&quot;:&quot;olay-sayfasi-secim&quot;,&quot;operator&quot;:&quot;equals&quot;,&quot;if_value&quot;:&quot;Ramak Kala Olay&quot;}]},{&quot;then_field&quot;:&quot;rusvet-yolsuzluk-secimi&quot;,&quot;and_rules&quot;:[{&quot;if_field&quot;:&quot;olay-sayfasi-secim&quot;,&quot;operator&quot;:&quot;equals&quot;,&quot;if_value&quot;:&quot;R\\u00fc\\u015fvet veya Yolsuzluk&quot;}]}],&quot;settings&quot;:{&quot;animation&quot;:&quot;yes&quot;,&quot;animation_intime&quot;:200,&quot;animation_outtime&quot;:200,&quot;conditions_ui&quot;:&quot;normal&quot;,&quot;notice_dismissed&quot;:false}}\" \/>\n<\/div>\n<div class=\"fieldset-cf7mls-wrapper\" data-transition-effects><fieldset class=\"fieldset-cf7mls cf7mls_current_fs\"><h5><span class=\"wpcf7-form-control-wrap\" data-name=\"olay-sayfasi-secim\"><span class=\"wpcf7-form-control wpcf7-radio\"><span class=\"wpcf7-list-item first\"><label><input type=\"radio\" name=\"olay-sayfasi-secim\" value=\"\u015eikayet\" \/><span class=\"wpcf7-list-item-label\">\u015eikayet<\/span><\/label><\/span><span class=\"wpcf7-list-item\"><label><input type=\"radio\" name=\"olay-sayfasi-secim\" value=\"Dilek ve \u00d6neri\" \/><span class=\"wpcf7-list-item-label\">Dilek ve \u00d6neri<\/span><\/label><\/span><span class=\"wpcf7-list-item\"><label><input type=\"radio\" name=\"olay-sayfasi-secim\" value=\"Ramak Kala Olay\" \/><span class=\"wpcf7-list-item-label\">Ramak Kala Olay<\/span><\/label><\/span><span class=\"wpcf7-list-item last\"><label><input type=\"radio\" name=\"olay-sayfasi-secim\" value=\"R\u00fc\u015fvet veya Yolsuzluk\" \/><span class=\"wpcf7-list-item-label\">R\u00fc\u015fvet veya Yolsuzluk<\/span><\/label><\/span><\/span><\/span>\n<br>\n<div data-id=\"sikayet-secimi\" data-orig_data_id=\"sikayet-secimi\"  data-class=\"wpcf7cf_group\">\n<span class=\"wpcf7-form-control-wrap\" data-name=\"sikayet-1\"><input size=\"40\" maxlength=\"400\" class=\"wpcf7-form-control wpcf7-text\" aria-invalid=\"false\" placeholder=\"L\u00fctfen a\u015fa\u011f\u0131daki kutucu\u011fa \u015fikayetinizin a\u00e7\u0131klamas\u0131n\u0131 yaz\u0131n\u0131z.*\" value=\"\" type=\"text\" name=\"sikayet-1\" \/><\/span><\/p>\n<p> L\u00fctfen a\u015fa\u011f\u0131daki kutucu\u011fa \u015fikayetinizin a\u00e7\u0131klamas\u0131n\u0131 yaz\u0131n\u0131z.\n<span class=\"wpcf7-form-control-wrap\" data-name=\"sikayet-2\"><input size=\"40\" maxlength=\"400\" class=\"wpcf7-form-control wpcf7-text\" aria-invalid=\"false\" value=\"\" type=\"text\" name=\"sikayet-2\" \/><\/span>\n<p> L\u00fctfen a\u015fa\u011f\u0131daki kutucu\u011fa \u015fikayetiniz ile ilgili \u00f6neriniz var ise yaz\u0131n\u0131z.\n<span class=\"wpcf7-form-control-wrap\" data-name=\"sikayet-3\"><input size=\"40\" maxlength=\"400\" class=\"wpcf7-form-control wpcf7-text\" aria-invalid=\"false\" value=\"\" type=\"text\" name=\"sikayet-3\" \/><\/span><br><p><small>\"\u015eikayetlerinizi Dilek \u015eikayet Kutusu, \u0130\u015f\u00e7i Temsilcileri, Y\u0131l \u0130\u00e7erisinde Yap\u0131lan Memnuniyet Anketleri, Web Sitesi veya Buradan yapabilirsiniz. Bu yollar d\u0131\u015far\u0131s\u0131nda \u015fikayetlerinizi <u>A\u00e7\u0131k Kap\u0131 Politikas\u0131<\/u> sorumlusu olan <b><u>\u015eebnem \u00c7\u0131rp\u0131c\u0131<\/b><\/u>\u2019ya da bildirebilirsiniz.\"<\/small>\n<\/div>\n<div data-id=\"oneri-secimi\" data-orig_data_id=\"oneri-secimi\"  data-class=\"wpcf7cf_group\">\n<p> L\u00fctfen a\u015fa\u011f\u0131daki kutucu\u011fa \u00f6neriniz veya dile\u011finizi kapsayan ilgili b\u00f6l\u00fcm\u00fc yaz\u0131n\u0131z.\n<span class=\"wpcf7-form-control-wrap\" data-name=\"oneri-1\"><input size=\"40\" maxlength=\"400\" class=\"wpcf7-form-control wpcf7-text\" aria-invalid=\"false\" value=\"\" type=\"text\" name=\"oneri-1\" \/><\/span>\n<p> L\u00fctfen a\u015fa\u011f\u0131daki kutucu\u011fa \u00f6nerinizi veya dile\u011finizin a\u00e7\u0131klamas\u0131n\u0131 yaz\u0131n\u0131z.\n<span class=\"wpcf7-form-control-wrap\" data-name=\"oneri-2\"><input size=\"40\" maxlength=\"400\" class=\"wpcf7-form-control wpcf7-text\" aria-invalid=\"false\" value=\"\" type=\"text\" name=\"oneri-2\" \/><\/span>\n<\/div>\n<div data-id=\"ramak-secimi\" data-orig_data_id=\"ramak-secimi\"  data-class=\"wpcf7cf_group\">\n<p> Ramak kala olay a\u00e7\u0131klamas\u0131. <span class=\"wpcf7-form-control-wrap\" data-name=\"ramak-1\"><input size=\"40\" maxlength=\"400\" class=\"wpcf7-form-control wpcf7-text\" aria-invalid=\"false\" value=\"\" type=\"text\" name=\"ramak-1\" \/><\/span>\n<p> Olay Yeri <span class=\"wpcf7-form-control-wrap\" data-name=\"ramak-2\"><input size=\"40\" maxlength=\"400\" class=\"wpcf7-form-control wpcf7-text\" aria-invalid=\"false\" value=\"\" type=\"text\" name=\"ramak-2\" \/><\/span>\n<p> Tarih Se\u00e7iniz <span class=\"wpcf7-form-control-wrap\" data-name=\"olay-tarihi\"><input class=\"wpcf7-form-control wpcf7-date wpcf7-validates-as-date\" aria-invalid=\"false\" value=\"\" type=\"date\" name=\"olay-tarihi\" \/><\/span>\n<p> Olay Tan\u0131m\u0131 <span class=\"wpcf7-form-control-wrap\" data-name=\"ramak-3\"><input size=\"40\" maxlength=\"400\" class=\"wpcf7-form-control wpcf7-text\" aria-invalid=\"false\" value=\"\" type=\"text\" name=\"ramak-3\" \/><\/span>\n<p> Olaydan Etkilenen Ki\u015fi (Zorunlu de\u011fil) <span class=\"wpcf7-form-control-wrap\" data-name=\"ramak-4\"><input size=\"40\" maxlength=\"400\" class=\"wpcf7-form-control wpcf7-text\" aria-invalid=\"false\" value=\"\" type=\"text\" name=\"ramak-4\" \/><\/span>\n<p> Olay An\u0131ndaki G\u00f6revi<span class=\"wpcf7-form-control-wrap\" data-name=\"ramak-5\"><input size=\"40\" maxlength=\"400\" class=\"wpcf7-form-control wpcf7-text\" aria-invalid=\"false\" value=\"\" type=\"text\" name=\"ramak-5\" \/><\/span>\n<p> Var ise \u00d6neriniz Nelerdir <span class=\"wpcf7-form-control-wrap\" data-name=\"ramak-6\"><input size=\"40\" maxlength=\"400\" class=\"wpcf7-form-control wpcf7-text\" aria-invalid=\"false\" value=\"\" type=\"text\" name=\"ramak-6\" \/><\/span>\n<br>\n<p> Var ise dosya (resim\/video) y\u00fckleyiniz. \n<p>&nbsp;<br>\n<span class=\"wpcf7-form-control-wrap\" data-name=\"dosya-goner\"><input size=\"40\" class=\"wpcf7-form-control wpcf7-file\" accept=\"audio\/*,video\/*,image\/*\" aria-invalid=\"false\" type=\"file\" name=\"dosya-goner\" \/><\/span> \n<br>\n<p><small>** <b>Ramak Kala olay:<\/b><\/small>\n<p><small><u>\u0130\u015f Sa\u011fl\u0131\u011f\u0131 ve G\u00fcvenli\u011fi Risk De\u011ferlendirmesi Y\u00f6netmeli\u011finde; \u0130\u015fyerinde meydana gelen \u00e7al\u0131\u015fan, i\u015fyeri ya da i\u015f ekipman\u0131n\u0131 zarara u\u011fratma potansiyeli oldu\u011fu halde zarara u\u011fratmayan olay olarak tan\u0131mlanm\u0131\u015ft\u0131r.<\/u><\/small>\n<\/div>\n<div data-id=\"rusvet-yolsuzluk-secimi\" data-orig_data_id=\"rusvet-yolsuzluk-secimi\"  data-class=\"wpcf7cf_group\">\n<p> L\u00fctfen a\u015fa\u011f\u0131daki kutucu\u011fa r\u00fc\u015fvetin veya yolsuzlu\u011fun olu\u015ftu\u011fu b\u00f6l\u00fcm\u00fc\/ki\u015fileri yaz\u0131n\u0131z.\n<span class=\"wpcf7-form-control-wrap\" data-name=\"yolsuzluk-1\"><input size=\"40\" maxlength=\"400\" class=\"wpcf7-form-control wpcf7-text\" aria-invalid=\"false\" value=\"\" type=\"text\" name=\"yolsuzluk-1\" \/><\/span>\n<p> L\u00fctfen a\u015fa\u011f\u0131daki kutucu\u011fa r\u00fc\u015fvetin veya yolsuzlu\u011fun a\u00e7\u0131klamas\u0131n\u0131 yaz\u0131n\u0131z.\n<span class=\"wpcf7-form-control-wrap\" data-name=\"yolsuzluk-2\"><input size=\"40\" maxlength=\"400\" class=\"wpcf7-form-control wpcf7-text\" aria-invalid=\"false\" value=\"\" type=\"text\" name=\"yolsuzluk-2\" \/><\/span>\n<\/div><\/h5><div class=\"cf7mls-btns\"><button type=\"button\" class=\"cf7mls_next cf7mls_btn action-button\" name=\"cf7mls_next\" id=\"cf7mls-next-btn-cf7mls_step-1\">\u0130leri<img decoding=\"async\" src=\"https:\/\/www.mil-may.com.tr\/wp-content\/plugins\/cf7-multi-step\/assets\/frontend\/img\/loader.svg\" alt=\"Step Loading\" data-lazy-src=\"https:\/\/www.mil-may.com.tr\/wp-content\/plugins\/cf7-multi-step\/assets\/frontend\/img\/loader.svg\" style=\"display: none;\" \/><\/button><\/div><p><\/p><\/fieldset><fieldset class=\"fieldset-cf7mls\"><h5><p> L\u00fctfen a\u015fa\u011f\u0131daki kutucuktan bu bildirimi g\u00f6rmesini istedi\u011finiz ki\u015fi veya ki\u015fileri se\u00e7iniz. Bu bildirim soru\u015fturma s\u0131ras\u0131nca \u00f6nem sa\u011flayacakt\u0131r.\n<span class=\"wpcf7-form-control-wrap\" data-name=\"recipients\"><span class=\"wpcf7-form-control wpcf7-checkbox wpcf7-validates-as-required\"><span class=\"wpcf7-list-item first\"><input type=\"checkbox\" name=\"recipients[]\" value=\"Batuhan Atikan\" \/><span class=\"wpcf7-list-item-label\">Batuhan Atikan<\/span><\/span><span class=\"wpcf7-list-item\"><input type=\"checkbox\" name=\"recipients[]\" value=\"Kadir A\u00e7\u0131kg\u00f6z\" \/><span class=\"wpcf7-list-item-label\">Kadir A\u00e7\u0131kg\u00f6z<\/span><\/span><span class=\"wpcf7-list-item\"><input type=\"checkbox\" name=\"recipients[]\" value=\"Ozan Yan\u0131k\" \/><span class=\"wpcf7-list-item-label\">Ozan Yan\u0131k<\/span><\/span><span class=\"wpcf7-list-item\"><input type=\"checkbox\" name=\"recipients[]\" value=\"Serkan Demir\" \/><span class=\"wpcf7-list-item-label\">Serkan Demir<\/span><\/span><span class=\"wpcf7-list-item last\"><input type=\"checkbox\" name=\"recipients[]\" value=\"\u015eebnem \u00c7\u0131rp\u0131c\u0131\" \/><span class=\"wpcf7-list-item-label\">\u015eebnem \u00c7\u0131rp\u0131c\u0131<\/span><\/span><\/span><\/span>\n<\/h5>\n<button class=\"wpcf7-form-control wpcf7-submit qodef-button qodef-size--normal qodef-m\" type=\"submit\"><span class=\"qodef-m-text\">Send<\/span><\/button>\n<div class=\"cf7mls-btns cf7mls-btns-last-step\"><button type=\"button\" style=\"display: none;\" class=\"cf7mls_next cf7mls_btn action-button\" name=\"cf7mls_next\" id=\"cf7mls-next-btn-cf7mls_step-2\"><img decoding=\"async\" src=\"https:\/\/www.mil-may.com.tr\/wp-content\/plugins\/cf7-multi-step\/assets\/frontend\/img\/loader.svg\" alt=\"Step Loading\" data-lazy-src=\"https:\/\/www.mil-may.com.tr\/wp-content\/plugins\/cf7-multi-step\/assets\/frontend\/img\/loader.svg\" style=\"display: none;\" \/><\/button><\/div><\/fieldset><\/div><div class=\"wpcf7-response-output\" aria-hidden=\"true\"><\/div>\n<input type=\"hidden\" name=\"trp-form-language\" value=\"en\"\/><\/form>\n<\/div>\n\t\t\t\t\t\t\t<\/div>\n\t\t\t\t\t<\/div>\n\t\t\t\t<\/div>\n\t\t\t\t\t<\/div>\n\t\t<\/div>\n\t\t\t\t\t\t\t<\/div>\n\t\t<\/section>\n\t\t\t\t\t\t\t<\/div>","protected":false},"excerpt":{"rendered":"","protected":false},"author":2,"featured_media":0,"parent":0,"menu_order":0,"comment_status":"closed","ping_status":"closed","template":"","meta":{"om_disable_all_campaigns":false,"_monsterinsights_skip_tracking":false,"_monsterinsights_sitenote_active":false,"_monsterinsights_sitenote_note":"","_monsterinsights_sitenote_category":0,"footnotes":""},"class_list":["post-13047","page","type-page","status-publish","hentry"],"aioseo_notices":[],"_links":{"self":[{"href":"https:\/\/www.mil-may.com.tr\/en\/wp-json\/wp\/v2\/pages\/13047","targetHints":{"allow":["GET"]}}],"collection":[{"href":"https:\/\/www.mil-may.com.tr\/en\/wp-json\/wp\/v2\/pages"}],"about":[{"href":"https:\/\/www.mil-may.com.tr\/en\/wp-json\/wp\/v2\/types\/page"}],"author":[{"embeddable":true,"href":"https:\/\/www.mil-may.com.tr\/en\/wp-json\/wp\/v2\/users\/2"}],"replies":[{"embeddable":true,"href":"https:\/\/www.mil-may.com.tr\/en\/wp-json\/wp\/v2\/comments?post=13047"}],"version-history":[{"count":3,"href":"https:\/\/www.mil-may.com.tr\/en\/wp-json\/wp\/v2\/pages\/13047\/revisions"}],"predecessor-version":[{"id":13050,"href":"https:\/\/www.mil-may.com.tr\/en\/wp-json\/wp\/v2\/pages\/13047\/revisions\/13050"}],"wp:attachment":[{"href":"https:\/\/www.mil-may.com.tr\/en\/wp-json\/wp\/v2\/media?parent=13047"}],"curies":[{"name":"wp","href":"https:\/\/api.w.org\/{rel}","templated":true}]}}