{"id":11581,"date":"2021-10-07T08:32:19","date_gmt":"2021-10-07T05:32:19","guid":{"rendered":"https:\/\/www.mil-may.com.tr\/?page_id=11581"},"modified":"2023-08-16T09:44:54","modified_gmt":"2023-08-16T06:44:54","slug":"surdurulebilirlik","status":"publish","type":"page","link":"https:\/\/www.mil-may.com.tr\/tr\/surdurulebilirlik\/","title":{"rendered":"S\u00fcrd\u00fcr\u00fclebilirlik"},"content":{"rendered":"\t\t<div data-elementor-type=\"wp-page\" data-elementor-id=\"11581\" class=\"elementor elementor-11581\">\n\t\t\t\t\t\t\t\t\t<section class=\"elementor-section elementor-top-section elementor-element elementor-element-9edcac7 elementor-section-full_width elementor-section-stretched elementor-section-height-default elementor-section-height-default qodef-elementor-content-no\" data-id=\"9edcac7\" data-element_type=\"section\" data-settings=\"{&quot;stretch_section&quot;:&quot;section-stretched&quot;}\">\n\t\t\t\t\t\t<div class=\"elementor-container elementor-column-gap-default\">\n\t\t\t\t\t<div class=\"elementor-column elementor-col-50 elementor-top-column elementor-element elementor-element-1ca1f34\" data-id=\"1ca1f34\" data-element_type=\"column\">\n\t\t\t<div class=\"elementor-widget-wrap elementor-element-populated\">\n\t\t\t\t\t\t\t\t<div class=\"elementor-element elementor-element-2f1a2b5 elementor-widget elementor-widget-halstein_core_single_image\" data-id=\"2f1a2b5\" data-element_type=\"widget\" data-widget_type=\"halstein_core_single_image.default\">\n\t\t\t\t<div class=\"elementor-widget-container\">\n\t\t\t<div class=\"qodef-shortcode qodef-m  qodef-single-image qodef-layout--default     \">\n\t<div class=\"qodef-m-image qodef-zoom-scroll\">\n\t\t\t\t<img loading=\"lazy\" decoding=\"async\" width=\"960\" height=\"615\" src=\"https:\/\/www.mil-may.com.tr\/wp-content\/uploads\/2023\/08\/surdurubilirlik-box.jpg\" class=\"attachment-full size-full\" alt=\"\" srcset=\"https:\/\/www.mil-may.com.tr\/wp-content\/uploads\/2023\/08\/surdurubilirlik-box.jpg 960w, https:\/\/www.mil-may.com.tr\/wp-content\/uploads\/2023\/08\/surdurubilirlik-box-300x192.jpg 300w, https:\/\/www.mil-may.com.tr\/wp-content\/uploads\/2023\/08\/surdurubilirlik-box-768x492.jpg 768w\" sizes=\"auto, (max-width: 960px) 100vw, 960px\" \/>\t\t\t<\/div>\n<\/div>\n\t\t<\/div>\n\t\t\t\t<\/div>\n\t\t\t\t\t<\/div>\n\t\t<\/div>\n\t\t\t\t<div class=\"elementor-column elementor-col-50 elementor-top-column elementor-element elementor-element-196eda5\" data-id=\"196eda5\" data-element_type=\"column\">\n\t\t\t<div class=\"elementor-widget-wrap elementor-element-populated\">\n\t\t\t\t\t\t\t\t<div class=\"elementor-element elementor-element-86aed36 elementor-widget__width-initial elementor-widget-tablet__width-inherit elementor-widget-mobile__width-inherit elementor-widget elementor-widget-halstein_core_section_title\" data-id=\"86aed36\" data-element_type=\"widget\" data-widget_type=\"halstein_core_section_title.default\">\n\t\t\t\t<div class=\"elementor-widget-container\">\n\t\t\t<div class=\"qodef-shortcode qodef-m  qodef-section-title qodef-alignment--left  \">\n\t\t\t<h3 class=\"qodef-m-title\" >\n\t\t\t\t\tGelece\u011fe \u00d6nem Veriyoruz\t\t\t<\/h3>\n\t\t\t<p class=\"qodef-m-text-field\" >\n\t\tTasar\u0131mdan nihai \u00fcr\u00fcne kadar t\u00fcm s\u00fcre\u00e7lerimizde \u00e7evre dostu uygulamalar\u0131 benimsemekteyiz. Gelecek nesillere verdi\u011fimiz de\u011fer sebebiyle\u00a0s\u00fcrd\u00fcr\u00fclebilir \u00fcr\u00fcn tasar\u0131m\u0131 odakl\u0131 \u00e7al\u0131\u015fmalarla i\u015f modelimizi s\u00fcrekli geli\u015ftirmenin yan\u0131nda, s\u00fcrd\u00fcr\u00fclebilir malzeme kullan\u0131m\u0131n\u0131 destekliyoruz. S\u00fcrd\u00fcr\u00fclebilirlik s\u00fcrecimizde , tedarik zincirini y\u00f6netirken de esas kabul ediyoruz. Mevcut kaynaklar\u0131n ve i\u015fg\u00fcc\u00fcn\u00fcn sadece bug\u00fcn de\u011fil gelecekte de \u00fcretim s\u00fcrecini devam ettirebilmesi i\u00e7in \u201cS\u00fcrd\u00fcr\u00fclebilirlik\u201d ilkesi benimsenmektedir.\t<\/p>\n\t<\/div>\n\t\t<\/div>\n\t\t\t\t<\/div>\n\t\t\t\t\t<\/div>\n\t\t<\/div>\n\t\t\t\t\t\t\t<\/div>\n\t\t<\/section>\n\t\t\t\t<section class=\"elementor-section elementor-top-section elementor-element elementor-element-b63f7f8 elementor-section-boxed elementor-section-height-default elementor-section-height-default qodef-elementor-content-no\" data-id=\"b63f7f8\" data-element_type=\"section\">\n\t\t\t\t\t\t<div class=\"elementor-container elementor-column-gap-default\">\n\t\t\t\t\t<div class=\"elementor-column elementor-col-25 elementor-top-column elementor-element elementor-element-6ff2b94\" data-id=\"6ff2b94\" data-element_type=\"column\">\n\t\t\t<div class=\"elementor-widget-wrap elementor-element-populated\">\n\t\t\t\t\t\t\t\t<div class=\"elementor-element elementor-element-c9a0973 elementor-widget elementor-widget-halstein_core_icon_with_text\" data-id=\"c9a0973\" data-element_type=\"widget\" data-widget_type=\"halstein_core_icon_with_text.default\">\n\t\t\t\t<div class=\"elementor-widget-container\">\n\t\t\t<div class=\"qodef-shortcode qodef-m  qodef-icon-with-text qodef-layout--top qodef--custom-icon qodef--retina  qodef-alignment--center\">\n\t<div class=\"qodef-m-icon-wrapper\" >\n\t\t\t\t\t<img loading=\"lazy\" decoding=\"async\" width=\"128\" height=\"128\" src=\"https:\/\/www.mil-may.com.tr\/wp-content\/uploads\/2023\/07\/1.png\" class=\"attachment-full size-full\" alt=\"\" \/>\t\t<\/div>\n\t<div class=\"qodef-m-content\">\n\t\t\t<p class=\"qodef-m-title\" style=\"margin-top: 20px\">\n\t\t\t\t\t<span class=\"qodef-m-title-text\">S\u00fcrd\u00fcr\u00fclebilirli\u011fi b\u00fct\u00fcn ad\u0131mlarda uygulayabilmek ve buna katk\u0131 sa\u011flamak<\/span>\n\t\t\t<\/p>\n\t\t\t\t\t<\/div>\n<\/div>\n\t\t<\/div>\n\t\t\t\t<\/div>\n\t\t\t\t\t<\/div>\n\t\t<\/div>\n\t\t\t\t<div class=\"elementor-column elementor-col-25 elementor-top-column elementor-element elementor-element-ecd932d\" data-id=\"ecd932d\" data-element_type=\"column\">\n\t\t\t<div class=\"elementor-widget-wrap elementor-element-populated\">\n\t\t\t\t\t\t\t\t<div class=\"elementor-element elementor-element-a759eb8 elementor-widget elementor-widget-halstein_core_icon_with_text\" data-id=\"a759eb8\" data-element_type=\"widget\" data-widget_type=\"halstein_core_icon_with_text.default\">\n\t\t\t\t<div class=\"elementor-widget-container\">\n\t\t\t<div class=\"qodef-shortcode qodef-m  qodef-icon-with-text qodef-layout--top qodef--custom-icon qodef--retina  qodef-alignment--center\">\n\t<div class=\"qodef-m-icon-wrapper\" >\n\t\t\t\t\t<img loading=\"lazy\" decoding=\"async\" width=\"128\" height=\"128\" src=\"https:\/\/www.mil-may.com.tr\/wp-content\/uploads\/2023\/07\/2.png\" class=\"attachment-full size-full\" alt=\"\" \/>\t\t<\/div>\n\t<div class=\"qodef-m-content\">\n\t\t\t<p class=\"qodef-m-title\" style=\"margin-top: 20px\">\n\t\t\t\t\t<span class=\"qodef-m-title-text\">\u00dczerinde ya\u015fad\u0131\u011f\u0131m\u0131z bu d\u00fcnyay\u0131 \u00f6nemsiyoruz ve \u00fcretimde en do\u011fru duru\u015fu ama\u00e7l\u0131yoruz  <\/span>\n\t\t\t<\/p>\n\t\t\t\t\t<\/div>\n<\/div>\n\t\t<\/div>\n\t\t\t\t<\/div>\n\t\t\t\t\t<\/div>\n\t\t<\/div>\n\t\t\t\t<div class=\"elementor-column elementor-col-25 elementor-top-column elementor-element elementor-element-df17387\" data-id=\"df17387\" data-element_type=\"column\">\n\t\t\t<div class=\"elementor-widget-wrap elementor-element-populated\">\n\t\t\t\t\t\t\t\t<div class=\"elementor-element elementor-element-2cf4f80 elementor-widget elementor-widget-halstein_core_icon_with_text\" data-id=\"2cf4f80\" data-element_type=\"widget\" data-widget_type=\"halstein_core_icon_with_text.default\">\n\t\t\t\t<div class=\"elementor-widget-container\">\n\t\t\t<div class=\"qodef-shortcode qodef-m  qodef-icon-with-text qodef-layout--top qodef--custom-icon qodef--retina  qodef-alignment--center\">\n\t<div class=\"qodef-m-icon-wrapper\" >\n\t\t\t\t\t<img loading=\"lazy\" decoding=\"async\" width=\"128\" height=\"128\" src=\"https:\/\/www.mil-may.com.tr\/wp-content\/uploads\/2023\/07\/3.png\" class=\"attachment-full size-full\" alt=\"\" \/>\t\t<\/div>\n\t<div class=\"qodef-m-content\">\n\t\t\t<p class=\"qodef-m-title\" style=\"margin-top: 20px\">\n\t\t\t\t\t<span class=\"qodef-m-title-text\">Her a\u015famada s\u00fcrd\u00fcr\u00fclebilirlik\u00e7i ili\u015fkilerle sonuca gitmek i\u00e7in \u00e7al\u0131\u015f\u0131yoruz<\/span>\n\t\t\t<\/p>\n\t\t\t\t\t<\/div>\n<\/div>\n\t\t<\/div>\n\t\t\t\t<\/div>\n\t\t\t\t\t<\/div>\n\t\t<\/div>\n\t\t\t\t<div class=\"elementor-column elementor-col-25 elementor-top-column elementor-element elementor-element-1ca2d21\" data-id=\"1ca2d21\" data-element_type=\"column\">\n\t\t\t<div class=\"elementor-widget-wrap elementor-element-populated\">\n\t\t\t\t\t\t\t\t<div class=\"elementor-element elementor-element-264ea8f elementor-widget elementor-widget-halstein_core_icon_with_text\" data-id=\"264ea8f\" data-element_type=\"widget\" data-widget_type=\"halstein_core_icon_with_text.default\">\n\t\t\t\t<div class=\"elementor-widget-container\">\n\t\t\t<div class=\"qodef-shortcode qodef-m  qodef-icon-with-text qodef-layout--top qodef--custom-icon qodef--retina  qodef-alignment--center\">\n\t<div class=\"qodef-m-icon-wrapper\" >\n\t\t\t\t\t<img loading=\"lazy\" decoding=\"async\" width=\"128\" height=\"128\" src=\"https:\/\/www.mil-may.com.tr\/wp-content\/uploads\/2023\/07\/4.png\" class=\"attachment-full size-full\" alt=\"\" \/>\t\t<\/div>\n\t<div class=\"qodef-m-content\">\n\t\t\t<p class=\"qodef-m-title\" style=\"margin-top: 20px\">\n\t\t\t\t\t<span class=\"qodef-m-title-text\">S\u00fcre\u00e7lerimize en uygun i\u015f modellerini dahil etmek \u00fczere de\u011ferlendiriyoruz.<\/span>\n\t\t\t<\/p>\n\t\t\t\t\t<\/div>\n<\/div>\n\t\t<\/div>\n\t\t\t\t<\/div>\n\t\t\t\t\t<\/div>\n\t\t<\/div>\n\t\t\t\t\t\t\t<\/div>\n\t\t<\/section>\n\t\t\t\t\t\t\t<\/div>\n\t\t","protected":false},"excerpt":{"rendered":"<p>Gelece\u011fe \u00d6nem Veriyoruz Tasar\u0131mdan nihai \u00fcr\u00fcne kadar t\u00fcm s\u00fcre\u00e7lerimizde \u00e7evre dostu uygulamalar\u0131 benimsemekteyiz. Gelecek nesillere verdi\u011fimiz de\u011fer sebebiyle\u00a0s\u00fcrd\u00fcr\u00fclebilir \u00fcr\u00fcn tasar\u0131m\u0131 odakl\u0131 \u00e7al\u0131\u015fmalarla i\u015f modelimizi s\u00fcrekli geli\u015ftirmenin yan\u0131nda, s\u00fcrd\u00fcr\u00fclebilir malzeme kullan\u0131m\u0131n\u0131 destekliyoruz. S\u00fcrd\u00fcr\u00fclebilirlik s\u00fcrecimizde , tedarik zincirini y\u00f6netirken de esas kabul ediyoruz. Mevcut kaynaklar\u0131n ve i\u015fg\u00fcc\u00fcn\u00fcn sadece bug\u00fcn de\u011fil gelecekte de \u00fcretim s\u00fcrecini devam ettirebilmesi i\u00e7in [&hellip;]<\/p>\n","protected":false},"author":1,"featured_media":0,"parent":0,"menu_order":0,"comment_status":"closed","ping_status":"closed","template":"qi-blocks-full-width.php","meta":{"om_disable_all_campaigns":false,"_monsterinsights_skip_tracking":false,"_monsterinsights_sitenote_active":false,"_monsterinsights_sitenote_note":"","_monsterinsights_sitenote_category":0,"footnotes":""},"class_list":["post-11581","page","type-page","status-publish","hentry"],"aioseo_notices":[],"_links":{"self":[{"href":"https:\/\/www.mil-may.com.tr\/tr\/wp-json\/wp\/v2\/pages\/11581","targetHints":{"allow":["GET"]}}],"collection":[{"href":"https:\/\/www.mil-may.com.tr\/tr\/wp-json\/wp\/v2\/pages"}],"about":[{"href":"https:\/\/www.mil-may.com.tr\/tr\/wp-json\/wp\/v2\/types\/page"}],"author":[{"embeddable":true,"href":"https:\/\/www.mil-may.com.tr\/tr\/wp-json\/wp\/v2\/users\/1"}],"replies":[{"embeddable":true,"href":"https:\/\/www.mil-may.com.tr\/tr\/wp-json\/wp\/v2\/comments?post=11581"}],"version-history":[{"count":114,"href":"https:\/\/www.mil-may.com.tr\/tr\/wp-json\/wp\/v2\/pages\/11581\/revisions"}],"predecessor-version":[{"id":12670,"href":"https:\/\/www.mil-may.com.tr\/tr\/wp-json\/wp\/v2\/pages\/11581\/revisions\/12670"}],"wp:attachment":[{"href":"https:\/\/www.mil-may.com.tr\/tr\/wp-json\/wp\/v2\/media?parent=11581"}],"curies":[{"name":"wp","href":"https:\/\/api.w.org\/{rel}","templated":true}]}}