{"id":11637,"date":"2021-10-07T08:32:19","date_gmt":"2021-10-07T05:32:19","guid":{"rendered":"https:\/\/www.mil-may.com.tr\/?page_id=11637"},"modified":"2023-10-05T15:14:37","modified_gmt":"2023-10-05T12:14:37","slug":"tasarim","status":"publish","type":"page","link":"https:\/\/www.mil-may.com.tr\/tr\/hizmetlerimiz\/tasarim\/","title":{"rendered":"Tasar\u0131m"},"content":{"rendered":"\t\t<div data-elementor-type=\"wp-page\" data-elementor-id=\"11637\" class=\"elementor elementor-11637\">\n\t\t\t\t\t\t\t\t\t<section class=\"elementor-section elementor-top-section elementor-element elementor-element-c2642e2 elementor-section-full_width elementor-section-height-default elementor-section-height-default qodef-elementor-content-no\" data-id=\"c2642e2\" data-element_type=\"section\">\n\t\t\t\t\t\t<div class=\"elementor-container elementor-column-gap-default\">\n\t\t\t\t\t<div class=\"elementor-column elementor-col-50 elementor-top-column elementor-element elementor-element-90cf8a2\" data-id=\"90cf8a2\" data-element_type=\"column\">\n\t\t\t<div class=\"elementor-widget-wrap elementor-element-populated\">\n\t\t\t\t\t\t\t\t<div class=\"elementor-element elementor-element-676a066 elementor-widget elementor-widget-halstein_core_single_image\" data-id=\"676a066\" data-element_type=\"widget\" data-widget_type=\"halstein_core_single_image.default\">\n\t\t\t\t<div class=\"elementor-widget-container\">\n\t\t\t<div class=\"qodef-shortcode qodef-m  qodef-single-image qodef-layout--default     \">\n\t<div class=\"qodef-m-image qodef-zoom-scroll\">\n\t\t\t\t<img loading=\"lazy\" decoding=\"async\" width=\"1290\" height=\"860\" src=\"https:\/\/www.mil-may.com.tr\/wp-content\/uploads\/2023\/10\/Trend-Analizi.jpg\" class=\"attachment-full size-full\" alt=\"\" srcset=\"https:\/\/www.mil-may.com.tr\/wp-content\/uploads\/2023\/10\/Trend-Analizi.jpg 1290w, https:\/\/www.mil-may.com.tr\/wp-content\/uploads\/2023\/10\/Trend-Analizi-300x200.jpg 300w, https:\/\/www.mil-may.com.tr\/wp-content\/uploads\/2023\/10\/Trend-Analizi-1024x683.jpg 1024w, https:\/\/www.mil-may.com.tr\/wp-content\/uploads\/2023\/10\/Trend-Analizi-768x512.jpg 768w\" sizes=\"auto, (max-width: 1290px) 100vw, 1290px\" \/>\t\t\t<\/div>\n<\/div>\n\t\t<\/div>\n\t\t\t\t<\/div>\n\t\t\t\t\t<\/div>\n\t\t<\/div>\n\t\t\t\t<div class=\"elementor-column elementor-col-50 elementor-top-column elementor-element elementor-element-bb99dc6\" data-id=\"bb99dc6\" data-element_type=\"column\">\n\t\t\t<div class=\"elementor-widget-wrap elementor-element-populated\">\n\t\t\t\t\t\t\t\t<div class=\"elementor-element elementor-element-22743c4 elementor-widget__width-initial elementor-widget-tablet__width-inherit elementor-widget-mobile__width-inherit elementor-widget elementor-widget-halstein_core_section_title\" data-id=\"22743c4\" data-element_type=\"widget\" data-widget_type=\"halstein_core_section_title.default\">\n\t\t\t\t<div class=\"elementor-widget-container\">\n\t\t\t<div class=\"qodef-shortcode qodef-m  qodef-section-title qodef-alignment--left  \">\n\t\t\t<h3 class=\"qodef-m-title\" >\n\t\t\t\t\tTrend Analizi\t\t\t<\/h3>\n\t\t\t<p class=\"qodef-m-text-field\" >\n\t\tDeneyimli ve yarat\u0131c\u0131 tasar\u0131m ekibimizle birlikte, moda d\u00fcnyas\u0131n\u0131 yak\u0131ndan takip ederek ve modan\u0131n en \u00f6nemli merkezlerine d\u00fczenli seyahatler ger\u00e7ekle\u015ftirerek, ilham al\u0131yor ve yenilik\u00e7i fikirleri ke\u015ffediyoruz. Model tasarlama programlar\u0131ndan destek alan modelist ve stilist ekibimizle hem kendi \u00f6zg\u00fcn koleksiyonlar\u0131m\u0131z\u0131 hem de m\u00fc\u015fteri koleksiyonlar\u0131n\u0131 geli\u015ftiriyoruz. \t<\/p>\n\t<\/div>\n\t\t<\/div>\n\t\t\t\t<\/div>\n\t\t\t\t\t<\/div>\n\t\t<\/div>\n\t\t\t\t\t\t\t<\/div>\n\t\t<\/section>\n\t\t\t\t<section class=\"elementor-section elementor-top-section elementor-element elementor-element-d3fc609 elementor-section-full_width elementor-reverse-tablet elementor-reverse-mobile elementor-hidden-tablet elementor-hidden-mobile elementor-section-height-default elementor-section-height-default qodef-elementor-content-no\" data-id=\"d3fc609\" data-element_type=\"section\">\n\t\t\t\t\t\t<div class=\"elementor-container elementor-column-gap-default\">\n\t\t\t\t\t<div class=\"elementor-column elementor-col-50 elementor-top-column elementor-element elementor-element-d163a51\" data-id=\"d163a51\" data-element_type=\"column\">\n\t\t\t<div class=\"elementor-widget-wrap elementor-element-populated\">\n\t\t\t\t\t\t\t\t<div class=\"elementor-element elementor-element-70b486f elementor-widget__width-auto elementor-widget-tablet__width-inherit elementor-widget-mobile__width-inherit elementor-widget elementor-widget-halstein_core_section_title\" data-id=\"70b486f\" data-element_type=\"widget\" data-widget_type=\"halstein_core_section_title.default\">\n\t\t\t\t<div class=\"elementor-widget-container\">\n\t\t\t<div class=\"qodef-shortcode qodef-m  qodef-section-title qodef-alignment--right  \">\n\t\t\t<h3 class=\"qodef-m-title\" >\n\t\t\t\t\tTasar\u0131m Elyaz\u0131s\u0131\t\t\t<\/h3>\n\t\t\t<p class=\"qodef-m-text-field\" >\n\t\tTecr\u00fcbeli  \u00fcr\u00fcn geli\u015ftirme ve tasar\u0131m ekibimiz, yenilik\u00e7i fikirleri ve k\u00fcresel moda trendlerine h\u0131zl\u0131 tepkileri ile \u015firketin g\u00fc\u00e7l\u00fc konumunu s\u00fcrd\u00fcrmektedir.\t<\/p>\n\t<\/div>\n\t\t<\/div>\n\t\t\t\t<\/div>\n\t\t\t\t\t<\/div>\n\t\t<\/div>\n\t\t\t\t<div class=\"elementor-column elementor-col-50 elementor-top-column elementor-element elementor-element-826b2d0\" data-id=\"826b2d0\" data-element_type=\"column\" data-settings=\"{&quot;background_background&quot;:&quot;classic&quot;}\">\n\t\t\t<div class=\"elementor-widget-wrap elementor-element-populated\">\n\t\t\t\t\t\t\t\t<div class=\"elementor-element elementor-element-6d26b94 elementor-widget elementor-widget-halstein_core_single_image\" data-id=\"6d26b94\" data-element_type=\"widget\" data-widget_type=\"halstein_core_single_image.default\">\n\t\t\t\t<div class=\"elementor-widget-container\">\n\t\t\t<div class=\"qodef-shortcode qodef-m  qodef-single-image qodef-layout--default     \">\n\t<div class=\"qodef-m-image qodef-zoom-scroll\">\n\t\t\t\t<img loading=\"lazy\" decoding=\"async\" width=\"2085\" height=\"1390\" src=\"https:\/\/www.mil-may.com.tr\/wp-content\/uploads\/2023\/10\/Showroom.jpg\" class=\"attachment-full size-full\" alt=\"\" srcset=\"https:\/\/www.mil-may.com.tr\/wp-content\/uploads\/2023\/10\/Showroom.jpg 2085w, https:\/\/www.mil-may.com.tr\/wp-content\/uploads\/2023\/10\/Showroom-300x200.jpg 300w, https:\/\/www.mil-may.com.tr\/wp-content\/uploads\/2023\/10\/Showroom-1024x683.jpg 1024w, https:\/\/www.mil-may.com.tr\/wp-content\/uploads\/2023\/10\/Showroom-768x512.jpg 768w, https:\/\/www.mil-may.com.tr\/wp-content\/uploads\/2023\/10\/Showroom-1536x1024.jpg 1536w, https:\/\/www.mil-may.com.tr\/wp-content\/uploads\/2023\/10\/Showroom-2048x1365.jpg 2048w\" sizes=\"auto, (max-width: 2085px) 100vw, 2085px\" \/>\t\t\t<\/div>\n<\/div>\n\t\t<\/div>\n\t\t\t\t<\/div>\n\t\t\t\t\t<\/div>\n\t\t<\/div>\n\t\t\t\t\t\t\t<\/div>\n\t\t<\/section>\n\t\t\t\t<section class=\"elementor-section elementor-top-section elementor-element elementor-element-4d4206c elementor-section-full_width elementor-reverse-tablet elementor-reverse-mobile elementor-hidden-desktop elementor-section-height-default elementor-section-height-default qodef-elementor-content-no\" data-id=\"4d4206c\" data-element_type=\"section\">\n\t\t\t\t\t\t<div class=\"elementor-container elementor-column-gap-default\">\n\t\t\t\t\t<div class=\"elementor-column elementor-col-50 elementor-top-column elementor-element elementor-element-9dffb6f\" data-id=\"9dffb6f\" data-element_type=\"column\">\n\t\t\t<div class=\"elementor-widget-wrap elementor-element-populated\">\n\t\t\t\t\t\t\t\t<div class=\"elementor-element elementor-element-77f3fb4 elementor-widget__width-auto elementor-widget-tablet__width-inherit elementor-widget-mobile__width-inherit elementor-widget elementor-widget-halstein_core_section_title\" data-id=\"77f3fb4\" data-element_type=\"widget\" data-widget_type=\"halstein_core_section_title.default\">\n\t\t\t\t<div class=\"elementor-widget-container\">\n\t\t\t<div class=\"qodef-shortcode qodef-m  qodef-section-title qodef-alignment--left  \">\n\t\t\t<h3 class=\"qodef-m-title\" >\n\t\t\t\t\tTasar\u0131m Elyaz\u0131s\u0131\t\t\t<\/h3>\n\t\t\t<p class=\"qodef-m-text-field\" >\n\t\tTecr\u00fcbeli  \u00fcr\u00fcn geli\u015ftirme ve tasar\u0131m ekibimiz, yenilik\u00e7i fikirleri ve k\u00fcresel moda trendlerine h\u0131zl\u0131 tepkileri ile \u015firketin g\u00fc\u00e7l\u00fc konumunu s\u00fcrd\u00fcrmektedir.\t<\/p>\n\t<\/div>\n\t\t<\/div>\n\t\t\t\t<\/div>\n\t\t\t\t\t<\/div>\n\t\t<\/div>\n\t\t\t\t<div class=\"elementor-column elementor-col-50 elementor-top-column elementor-element elementor-element-364b79b\" data-id=\"364b79b\" data-element_type=\"column\" data-settings=\"{&quot;background_background&quot;:&quot;classic&quot;}\">\n\t\t\t<div class=\"elementor-widget-wrap elementor-element-populated\">\n\t\t\t\t\t\t\t\t<div class=\"elementor-element elementor-element-3cc566f elementor-widget elementor-widget-halstein_core_single_image\" data-id=\"3cc566f\" data-element_type=\"widget\" data-widget_type=\"halstein_core_single_image.default\">\n\t\t\t\t<div class=\"elementor-widget-container\">\n\t\t\t<div class=\"qodef-shortcode qodef-m  qodef-single-image qodef-layout--default     \">\n\t<div class=\"qodef-m-image qodef-zoom-scroll\">\n\t\t\t\t<img loading=\"lazy\" decoding=\"async\" width=\"960\" height=\"615\" src=\"https:\/\/www.mil-may.com.tr\/wp-content\/uploads\/2023\/08\/tasarim-elyazisi.jpg\" class=\"attachment-full size-full\" alt=\"\" srcset=\"https:\/\/www.mil-may.com.tr\/wp-content\/uploads\/2023\/08\/tasarim-elyazisi.jpg 960w, https:\/\/www.mil-may.com.tr\/wp-content\/uploads\/2023\/08\/tasarim-elyazisi-300x192.jpg 300w, https:\/\/www.mil-may.com.tr\/wp-content\/uploads\/2023\/08\/tasarim-elyazisi-768x492.jpg 768w\" sizes=\"auto, (max-width: 960px) 100vw, 960px\" \/>\t\t\t<\/div>\n<\/div>\n\t\t<\/div>\n\t\t\t\t<\/div>\n\t\t\t\t\t<\/div>\n\t\t<\/div>\n\t\t\t\t\t\t\t<\/div>\n\t\t<\/section>\n\t\t\t\t<section class=\"elementor-section elementor-top-section elementor-element elementor-element-9013954 elementor-section-full_width elementor-section-height-default elementor-section-height-default qodef-elementor-content-no\" data-id=\"9013954\" data-element_type=\"section\">\n\t\t\t\t\t\t<div class=\"elementor-container elementor-column-gap-default\">\n\t\t\t\t\t<div class=\"elementor-column elementor-col-50 elementor-top-column elementor-element elementor-element-bfb02eb\" data-id=\"bfb02eb\" data-element_type=\"column\">\n\t\t\t<div class=\"elementor-widget-wrap elementor-element-populated\">\n\t\t\t\t\t\t\t\t<div class=\"elementor-element elementor-element-e6fe6f9 elementor-widget elementor-widget-halstein_core_single_image\" data-id=\"e6fe6f9\" data-element_type=\"widget\" data-widget_type=\"halstein_core_single_image.default\">\n\t\t\t\t<div class=\"elementor-widget-container\">\n\t\t\t<div class=\"qodef-shortcode qodef-m  qodef-single-image qodef-layout--default     \">\n\t<div class=\"qodef-m-image qodef-zoom-scroll\">\n\t\t\t\t<img loading=\"lazy\" decoding=\"async\" width=\"986\" height=\"658\" src=\"https:\/\/www.mil-may.com.tr\/wp-content\/uploads\/2023\/10\/Kumas-Aksesuar.jpg\" class=\"attachment-full size-full\" alt=\"\" srcset=\"https:\/\/www.mil-may.com.tr\/wp-content\/uploads\/2023\/10\/Kumas-Aksesuar.jpg 986w, https:\/\/www.mil-may.com.tr\/wp-content\/uploads\/2023\/10\/Kumas-Aksesuar-300x200.jpg 300w, https:\/\/www.mil-may.com.tr\/wp-content\/uploads\/2023\/10\/Kumas-Aksesuar-768x513.jpg 768w\" sizes=\"auto, (max-width: 986px) 100vw, 986px\" \/>\t\t\t<\/div>\n<\/div>\n\t\t<\/div>\n\t\t\t\t<\/div>\n\t\t\t\t\t<\/div>\n\t\t<\/div>\n\t\t\t\t<div class=\"elementor-column elementor-col-50 elementor-top-column elementor-element elementor-element-608f0e7\" data-id=\"608f0e7\" data-element_type=\"column\">\n\t\t\t<div class=\"elementor-widget-wrap elementor-element-populated\">\n\t\t\t\t\t\t\t\t<div class=\"elementor-element elementor-element-1adcd33 elementor-widget__width-initial elementor-widget-tablet__width-inherit elementor-widget-mobile__width-inherit elementor-widget elementor-widget-halstein_core_section_title\" data-id=\"1adcd33\" data-element_type=\"widget\" data-widget_type=\"halstein_core_section_title.default\">\n\t\t\t\t<div class=\"elementor-widget-container\">\n\t\t\t<div class=\"qodef-shortcode qodef-m  qodef-section-title qodef-alignment--left  \">\n\t\t\t<h3 class=\"qodef-m-title\" >\n\t\t\t\t\tKuma\u015f ve Aksesuar\t\t\t<\/h3>\n\t\t\t<p class=\"qodef-m-text-field\" >\n\t\t\u00d6rme kreasyonlar i\u00e7in fark yaratacak trend kuma\u015flar\u0131 ve aksesuarlar\u0131 se\u00e7iyoruz. kuma\u015flar numune \u00fcretimi i\u00e7in kullan\u0131labilmekte ve m\u00fc\u015fterilerimiz taraf\u0131ndan numune kuma\u015f depomuzda birebir g\u00f6r\u00fclebilmektedir.\t<\/p>\n\t<\/div>\n\t\t<\/div>\n\t\t\t\t<\/div>\n\t\t\t\t\t<\/div>\n\t\t<\/div>\n\t\t\t\t\t\t\t<\/div>\n\t\t<\/section>\n\t\t\t\t<section class=\"elementor-section elementor-top-section elementor-element elementor-element-09400f8 elementor-section-full_width elementor-reverse-tablet elementor-reverse-mobile elementor-hidden-tablet elementor-hidden-mobile elementor-section-height-default elementor-section-height-default qodef-elementor-content-no\" data-id=\"09400f8\" data-element_type=\"section\">\n\t\t\t\t\t\t<div class=\"elementor-container elementor-column-gap-default\">\n\t\t\t\t\t<div class=\"elementor-column elementor-col-50 elementor-top-column elementor-element elementor-element-625d6a1\" data-id=\"625d6a1\" data-element_type=\"column\">\n\t\t\t<div class=\"elementor-widget-wrap elementor-element-populated\">\n\t\t\t\t\t\t\t\t<div class=\"elementor-element elementor-element-5744c76 elementor-widget__width-auto elementor-widget-tablet__width-inherit elementor-widget-mobile__width-inherit elementor-widget elementor-widget-halstein_core_section_title\" data-id=\"5744c76\" data-element_type=\"widget\" data-widget_type=\"halstein_core_section_title.default\">\n\t\t\t\t<div class=\"elementor-widget-container\">\n\t\t\t<div class=\"qodef-shortcode qodef-m  qodef-section-title qodef-alignment--right  \">\n\t\t\t<h3 class=\"qodef-m-title\" >\n\t\t\t\t\tNumune Kuma\u015f Deposu\t\t\t<\/h3>\n\t\t\t<p class=\"qodef-m-text-field\" >\n\t\tNumune kuma\u015f depomuzda yer alan 9000 farkl\u0131 \u00f6zellikte rolik kuma\u015ftan se\u00e7ilen \u00f6rneklerden birka\u00e7 saat i\u00e7inde dikilebilecek numuneler ile m\u00fc\u015fterilerimize hizmet veriyoruz.\t<\/p>\n\t<\/div>\n\t\t<\/div>\n\t\t\t\t<\/div>\n\t\t\t\t\t<\/div>\n\t\t<\/div>\n\t\t\t\t<div class=\"elementor-column elementor-col-50 elementor-top-column elementor-element elementor-element-59bff31\" data-id=\"59bff31\" data-element_type=\"column\" data-settings=\"{&quot;background_background&quot;:&quot;classic&quot;}\">\n\t\t\t<div class=\"elementor-widget-wrap elementor-element-populated\">\n\t\t\t\t\t\t\t\t<div class=\"elementor-element elementor-element-fd7326d elementor-widget elementor-widget-halstein_core_single_image\" data-id=\"fd7326d\" data-element_type=\"widget\" data-widget_type=\"halstein_core_single_image.default\">\n\t\t\t\t<div class=\"elementor-widget-container\">\n\t\t\t<div class=\"qodef-shortcode qodef-m  qodef-single-image qodef-layout--default     \">\n\t<div class=\"qodef-m-image qodef-zoom-scroll\">\n\t\t\t\t<img loading=\"lazy\" decoding=\"async\" width=\"960\" height=\"615\" src=\"https:\/\/www.mil-may.com.tr\/wp-content\/uploads\/2023\/08\/kumas-box.jpg\" class=\"attachment-full size-full\" alt=\"\" srcset=\"https:\/\/www.mil-may.com.tr\/wp-content\/uploads\/2023\/08\/kumas-box.jpg 960w, https:\/\/www.mil-may.com.tr\/wp-content\/uploads\/2023\/08\/kumas-box-300x192.jpg 300w, https:\/\/www.mil-may.com.tr\/wp-content\/uploads\/2023\/08\/kumas-box-768x492.jpg 768w\" sizes=\"auto, (max-width: 960px) 100vw, 960px\" \/>\t\t\t<\/div>\n<\/div>\n\t\t<\/div>\n\t\t\t\t<\/div>\n\t\t\t\t\t<\/div>\n\t\t<\/div>\n\t\t\t\t\t\t\t<\/div>\n\t\t<\/section>\n\t\t\t\t<section class=\"elementor-section elementor-top-section elementor-element elementor-element-79591c1 elementor-section-full_width elementor-reverse-tablet elementor-reverse-mobile elementor-hidden-desktop elementor-section-height-default elementor-section-height-default qodef-elementor-content-no\" data-id=\"79591c1\" data-element_type=\"section\">\n\t\t\t\t\t\t<div class=\"elementor-container elementor-column-gap-default\">\n\t\t\t\t\t<div class=\"elementor-column elementor-col-50 elementor-top-column elementor-element elementor-element-9ede6b5\" data-id=\"9ede6b5\" data-element_type=\"column\">\n\t\t\t<div class=\"elementor-widget-wrap elementor-element-populated\">\n\t\t\t\t\t\t\t\t<div class=\"elementor-element elementor-element-40cf9f4 elementor-widget__width-auto elementor-widget-tablet__width-inherit elementor-widget-mobile__width-inherit elementor-widget elementor-widget-halstein_core_section_title\" data-id=\"40cf9f4\" data-element_type=\"widget\" data-widget_type=\"halstein_core_section_title.default\">\n\t\t\t\t<div class=\"elementor-widget-container\">\n\t\t\t<div class=\"qodef-shortcode qodef-m  qodef-section-title qodef-alignment--left  \">\n\t\t\t<h3 class=\"qodef-m-title\" >\n\t\t\t\t\tNumune Kuma\u015f Deposu\t\t\t<\/h3>\n\t\t\t<p class=\"qodef-m-text-field\" >\n\t\tNumune kuma\u015f depomuzda yer alan 9000 farkl\u0131 \u00f6zellikte rolik kuma\u015ftan se\u00e7ilen \u00f6rneklerden birka\u00e7 saat i\u00e7inde dikilebilecek numuneler ile m\u00fc\u015fterilerimize hizmet veriyoruz.\t<\/p>\n\t<\/div>\n\t\t<\/div>\n\t\t\t\t<\/div>\n\t\t\t\t\t<\/div>\n\t\t<\/div>\n\t\t\t\t<div class=\"elementor-column elementor-col-50 elementor-top-column elementor-element elementor-element-dc4b480\" data-id=\"dc4b480\" data-element_type=\"column\" data-settings=\"{&quot;background_background&quot;:&quot;classic&quot;}\">\n\t\t\t<div class=\"elementor-widget-wrap elementor-element-populated\">\n\t\t\t\t\t\t\t\t<div class=\"elementor-element elementor-element-1d40b70 elementor-widget elementor-widget-halstein_core_single_image\" data-id=\"1d40b70\" data-element_type=\"widget\" data-widget_type=\"halstein_core_single_image.default\">\n\t\t\t\t<div class=\"elementor-widget-container\">\n\t\t\t<div class=\"qodef-shortcode qodef-m  qodef-single-image qodef-layout--default     \">\n\t<div class=\"qodef-m-image qodef-zoom-scroll\">\n\t\t\t\t<img loading=\"lazy\" decoding=\"async\" width=\"960\" height=\"615\" src=\"https:\/\/www.mil-may.com.tr\/wp-content\/uploads\/2023\/08\/kumas-box.jpg\" class=\"attachment-full size-full\" alt=\"\" srcset=\"https:\/\/www.mil-may.com.tr\/wp-content\/uploads\/2023\/08\/kumas-box.jpg 960w, https:\/\/www.mil-may.com.tr\/wp-content\/uploads\/2023\/08\/kumas-box-300x192.jpg 300w, https:\/\/www.mil-may.com.tr\/wp-content\/uploads\/2023\/08\/kumas-box-768x492.jpg 768w\" sizes=\"auto, (max-width: 960px) 100vw, 960px\" \/>\t\t\t<\/div>\n<\/div>\n\t\t<\/div>\n\t\t\t\t<\/div>\n\t\t\t\t\t<\/div>\n\t\t<\/div>\n\t\t\t\t\t\t\t<\/div>\n\t\t<\/section>\n\t\t\t\t\t\t\t<\/div>\n\t\t","protected":false},"excerpt":{"rendered":"<p>Trend Analizi Deneyimli ve yarat\u0131c\u0131 tasar\u0131m ekibimizle birlikte, moda d\u00fcnyas\u0131n\u0131 yak\u0131ndan takip ederek ve modan\u0131n en \u00f6nemli merkezlerine d\u00fczenli seyahatler ger\u00e7ekle\u015ftirerek, ilham al\u0131yor ve yenilik\u00e7i fikirleri ke\u015ffediyoruz. Model tasarlama programlar\u0131ndan destek alan modelist ve stilist ekibimizle hem kendi \u00f6zg\u00fcn koleksiyonlar\u0131m\u0131z\u0131 hem de m\u00fc\u015fteri koleksiyonlar\u0131n\u0131 geli\u015ftiriyoruz. Tasar\u0131m Elyaz\u0131s\u0131 Tecr\u00fcbeli \u00fcr\u00fcn geli\u015ftirme ve tasar\u0131m ekibimiz, yenilik\u00e7i fikirleri [&hellip;]<\/p>\n","protected":false},"author":1,"featured_media":0,"parent":12332,"menu_order":0,"comment_status":"closed","ping_status":"closed","template":"","meta":{"om_disable_all_campaigns":false,"_monsterinsights_skip_tracking":false,"_monsterinsights_sitenote_active":false,"_monsterinsights_sitenote_note":"","_monsterinsights_sitenote_category":0,"footnotes":""},"class_list":["post-11637","page","type-page","status-publish","hentry"],"aioseo_notices":[],"_links":{"self":[{"href":"https:\/\/www.mil-may.com.tr\/tr\/wp-json\/wp\/v2\/pages\/11637","targetHints":{"allow":["GET"]}}],"collection":[{"href":"https:\/\/www.mil-may.com.tr\/tr\/wp-json\/wp\/v2\/pages"}],"about":[{"href":"https:\/\/www.mil-may.com.tr\/tr\/wp-json\/wp\/v2\/types\/page"}],"author":[{"embeddable":true,"href":"https:\/\/www.mil-may.com.tr\/tr\/wp-json\/wp\/v2\/users\/1"}],"replies":[{"embeddable":true,"href":"https:\/\/www.mil-may.com.tr\/tr\/wp-json\/wp\/v2\/comments?post=11637"}],"version-history":[{"count":86,"href":"https:\/\/www.mil-may.com.tr\/tr\/wp-json\/wp\/v2\/pages\/11637\/revisions"}],"predecessor-version":[{"id":12756,"href":"https:\/\/www.mil-may.com.tr\/tr\/wp-json\/wp\/v2\/pages\/11637\/revisions\/12756"}],"up":[{"embeddable":true,"href":"https:\/\/www.mil-may.com.tr\/tr\/wp-json\/wp\/v2\/pages\/12332"}],"wp:attachment":[{"href":"https:\/\/www.mil-may.com.tr\/tr\/wp-json\/wp\/v2\/media?parent=11637"}],"curies":[{"name":"wp","href":"https:\/\/api.w.org\/{rel}","templated":true}]}}