{"id":11665,"date":"2021-10-07T08:32:19","date_gmt":"2021-10-07T05:32:19","guid":{"rendered":"https:\/\/www.mil-may.com.tr\/?page_id=11665"},"modified":"2023-11-20T15:25:58","modified_gmt":"2023-11-20T12:25:58","slug":"uretim","status":"publish","type":"page","link":"https:\/\/www.mil-may.com.tr\/tr\/hizmetlerimiz\/uretim\/","title":{"rendered":"\u00dcretim"},"content":{"rendered":"\t\t<div data-elementor-type=\"wp-page\" data-elementor-id=\"11665\" class=\"elementor elementor-11665\">\n\t\t\t\t\t\t\t\t\t<section class=\"elementor-section elementor-top-section elementor-element elementor-element-b5d8e9b elementor-section-full_width elementor-section-height-default elementor-section-height-default qodef-elementor-content-no\" data-id=\"b5d8e9b\" data-element_type=\"section\">\n\t\t\t\t\t\t<div class=\"elementor-container elementor-column-gap-default\">\n\t\t\t\t\t<div class=\"elementor-column elementor-col-50 elementor-top-column elementor-element elementor-element-0cab540\" data-id=\"0cab540\" data-element_type=\"column\">\n\t\t\t<div class=\"elementor-widget-wrap elementor-element-populated\">\n\t\t\t\t\t\t\t\t<div class=\"elementor-element elementor-element-c5b55cf elementor-widget elementor-widget-halstein_core_single_image\" data-id=\"c5b55cf\" data-element_type=\"widget\" data-widget_type=\"halstein_core_single_image.default\">\n\t\t\t\t<div class=\"elementor-widget-container\">\n\t\t\t<div class=\"qodef-shortcode qodef-m  qodef-single-image qodef-layout--default     \">\n\t<div class=\"qodef-m-image qodef-zoom-scroll\">\n\t\t\t\t<img loading=\"lazy\" decoding=\"async\" width=\"960\" height=\"615\" src=\"https:\/\/www.mil-may.com.tr\/wp-content\/uploads\/2023\/08\/uretim-box-1.jpg\" class=\"attachment-full size-full\" alt=\"\" srcset=\"https:\/\/www.mil-may.com.tr\/wp-content\/uploads\/2023\/08\/uretim-box-1.jpg 960w, https:\/\/www.mil-may.com.tr\/wp-content\/uploads\/2023\/08\/uretim-box-1-300x192.jpg 300w, https:\/\/www.mil-may.com.tr\/wp-content\/uploads\/2023\/08\/uretim-box-1-768x492.jpg 768w\" sizes=\"auto, (max-width: 960px) 100vw, 960px\" \/>\t\t\t<\/div>\n<\/div>\n\t\t<\/div>\n\t\t\t\t<\/div>\n\t\t\t\t\t<\/div>\n\t\t<\/div>\n\t\t\t\t<div class=\"elementor-column elementor-col-50 elementor-top-column elementor-element elementor-element-e0ef6a5\" data-id=\"e0ef6a5\" data-element_type=\"column\">\n\t\t\t<div class=\"elementor-widget-wrap elementor-element-populated\">\n\t\t\t\t\t\t\t\t<div class=\"elementor-element elementor-element-83347d4 elementor-widget__width-initial elementor-widget-tablet__width-inherit elementor-widget-mobile__width-inherit elementor-widget elementor-widget-halstein_core_section_title\" data-id=\"83347d4\" data-element_type=\"widget\" data-widget_type=\"halstein_core_section_title.default\">\n\t\t\t\t<div class=\"elementor-widget-container\">\n\t\t\t<div class=\"qodef-shortcode qodef-m  qodef-section-title qodef-alignment--left  \">\n\t\t\t<h3 class=\"qodef-m-title\" >\n\t\t\t\t\t\u00dcretim\t\t\t<\/h3>\n\t\t\t<p class=\"qodef-m-text-field\" >\n\t\tNumune s\u00fcrecinde ald\u0131\u011f\u0131m\u0131z kritiklerinizi bulgular\u0131m\u0131z\u0131 eksiksiz olarak konfeksiyon \u00fcretim bantlar\u0131m\u0131za aktar\u0131yoruz. \u00c7ocuk, erkek ve kad\u0131n \u00f6rme haz\u0131r giyim sipari\u015flerinizde kullanaca\u011f\u0131m\u0131z kuma\u015flar\u0131 son teknoloji makinelerle kontrol ediyor ve minimum israfla kesiyoruz. Ayl\u0131k yakla\u015f\u0131k  1 milyonu a\u015fk\u0131n \u00fcr\u00fcn kapasitesine sahip fabrikalar\u0131m\u0131zda her \u00fcr\u00fcn geli\u015ftirme deneyimini \u00f6zel olarak tasarl\u0131yor, \u00e7evreye ve insana sayg\u0131l\u0131 iyi tekstil \u00fcretim pratikleri geli\u015ftiriyoruz.\nDenetim, y\u00f6netim ve uygulamalar\u0131n operasyonel m\u00fckemmellik a\u00e7\u0131s\u0131ndan nihai hedeflerimizle uyumlu olabilmesi i\u00e7in alan\u0131nda uzman ekiplerden olu\u015fan\u00a0Kesim Denetim, Kalite G\u00fcvence ve Sosyal Uygunluk birimlerimiz\u00a0sahada aktif bi\u00e7imde \u00e7al\u0131\u015fmalar\u0131n\u0131 s\u00fcrd\u00fcrmekte.\t<\/p>\n\t<\/div>\n\t\t<\/div>\n\t\t\t\t<\/div>\n\t\t\t\t\t<\/div>\n\t\t<\/div>\n\t\t\t\t\t\t\t<\/div>\n\t\t<\/section>\n\t\t\t\t<section class=\"elementor-section elementor-top-section elementor-element elementor-element-13a36d9 elementor-section-full_width elementor-reverse-tablet elementor-reverse-mobile elementor-hidden-tablet elementor-hidden-mobile elementor-section-height-default elementor-section-height-default qodef-elementor-content-no\" data-id=\"13a36d9\" data-element_type=\"section\">\n\t\t\t\t\t\t<div class=\"elementor-container elementor-column-gap-default\">\n\t\t\t\t\t<div class=\"elementor-column elementor-col-50 elementor-top-column elementor-element elementor-element-7e9da32\" data-id=\"7e9da32\" data-element_type=\"column\">\n\t\t\t<div class=\"elementor-widget-wrap elementor-element-populated\">\n\t\t\t\t\t\t\t\t<div class=\"elementor-element elementor-element-de55fb6 elementor-widget__width-auto elementor-widget-tablet__width-inherit elementor-widget-mobile__width-inherit elementor-widget elementor-widget-halstein_core_section_title\" data-id=\"de55fb6\" data-element_type=\"widget\" data-widget_type=\"halstein_core_section_title.default\">\n\t\t\t\t<div class=\"elementor-widget-container\">\n\t\t\t<div class=\"qodef-shortcode qodef-m  qodef-section-title qodef-alignment--right  \">\n\t\t\t<h3 class=\"qodef-m-title\" >\n\t\t\t\t\tKalite\t\t\t<\/h3>\n\t\t\t<p class=\"qodef-m-text-field\" >\n\t\tEtkin kalite y\u00f6netimi sistemi. En b\u00fcy\u00fck hedefimiz, bu beklentiyi en iyi \u015fekilde kar\u015f\u0131lamak i\u00e7in, ileri teknolojik yat\u0131r\u0131mlar\u0131, kalite standartlar\u0131m\u0131za entegre etmek ve m\u00fc\u015fterilerimizin y\u00fczde y\u00fcz memnuniyetini sa\u011flamak.\n\nSipari\u015f \u00f6ncesinde ve sonras\u0131ndaki t\u00fcm s\u00fcre\u00e7lerin do\u011fru \u015fekilde i\u015fleyebilmesi i\u00e7in, m\u00fc\u015fterilerimiz taraf\u0131ndan akredite edilmi\u015f fiziksel ve kimyasal laboratuvarlar\u0131m\u0131z ve donan\u0131ml\u0131 Kalite G\u00fcvence ekibimiz ile \u00fcr\u00fcn kalitesi ve standartlara uygun, s\u00fcrd\u00fcr\u00fclebilir bir \u00fcretim y\u00f6netimini sa\u011fl\u0131yoruz.\t<\/p>\n\t<\/div>\n\t\t<\/div>\n\t\t\t\t<\/div>\n\t\t\t\t\t<\/div>\n\t\t<\/div>\n\t\t\t\t<div class=\"elementor-column elementor-col-50 elementor-top-column elementor-element elementor-element-bc96803\" data-id=\"bc96803\" data-element_type=\"column\" data-settings=\"{&quot;background_background&quot;:&quot;classic&quot;}\">\n\t\t\t<div class=\"elementor-widget-wrap elementor-element-populated\">\n\t\t\t\t\t\t\t\t<div class=\"elementor-element elementor-element-ca0c555 elementor-widget elementor-widget-halstein_core_single_image\" data-id=\"ca0c555\" data-element_type=\"widget\" data-widget_type=\"halstein_core_single_image.default\">\n\t\t\t\t<div class=\"elementor-widget-container\">\n\t\t\t<div class=\"qodef-shortcode qodef-m  qodef-single-image qodef-layout--default     \">\n\t<div class=\"qodef-m-image qodef-zoom-scroll\">\n\t\t\t\t<img loading=\"lazy\" decoding=\"async\" width=\"2047\" height=\"1365\" src=\"https:\/\/www.mil-may.com.tr\/wp-content\/uploads\/2023\/10\/Kalite.jpg\" class=\"attachment-full size-full\" alt=\"\" srcset=\"https:\/\/www.mil-may.com.tr\/wp-content\/uploads\/2023\/10\/Kalite.jpg 2047w, https:\/\/www.mil-may.com.tr\/wp-content\/uploads\/2023\/10\/Kalite-300x200.jpg 300w, https:\/\/www.mil-may.com.tr\/wp-content\/uploads\/2023\/10\/Kalite-1024x683.jpg 1024w, https:\/\/www.mil-may.com.tr\/wp-content\/uploads\/2023\/10\/Kalite-768x512.jpg 768w, https:\/\/www.mil-may.com.tr\/wp-content\/uploads\/2023\/10\/Kalite-1536x1024.jpg 1536w\" sizes=\"auto, (max-width: 2047px) 100vw, 2047px\" \/>\t\t\t<\/div>\n<\/div>\n\t\t<\/div>\n\t\t\t\t<\/div>\n\t\t\t\t\t<\/div>\n\t\t<\/div>\n\t\t\t\t\t\t\t<\/div>\n\t\t<\/section>\n\t\t\t\t<section class=\"elementor-section elementor-top-section elementor-element elementor-element-598f9b2 elementor-section-full_width elementor-reverse-tablet elementor-reverse-mobile elementor-hidden-desktop elementor-section-height-default elementor-section-height-default qodef-elementor-content-no\" data-id=\"598f9b2\" data-element_type=\"section\">\n\t\t\t\t\t\t<div class=\"elementor-container elementor-column-gap-default\">\n\t\t\t\t\t<div class=\"elementor-column elementor-col-50 elementor-top-column elementor-element elementor-element-9e1d277\" data-id=\"9e1d277\" data-element_type=\"column\">\n\t\t\t<div class=\"elementor-widget-wrap elementor-element-populated\">\n\t\t\t\t\t\t\t\t<div class=\"elementor-element elementor-element-51fdff2 elementor-widget__width-auto elementor-widget-tablet__width-inherit elementor-widget-mobile__width-inherit elementor-widget elementor-widget-halstein_core_section_title\" data-id=\"51fdff2\" data-element_type=\"widget\" data-widget_type=\"halstein_core_section_title.default\">\n\t\t\t\t<div class=\"elementor-widget-container\">\n\t\t\t<div class=\"qodef-shortcode qodef-m  qodef-section-title qodef-alignment--left  \">\n\t\t\t<h3 class=\"qodef-m-title\" >\n\t\t\t\t\tKalite\t\t\t<\/h3>\n\t\t\t<p class=\"qodef-m-text-field\" >\n\t\tEtkin kalite y\u00f6netimi sistemi. En b\u00fcy\u00fck hedefimiz, bu beklentiyi en iyi \u015fekilde kar\u015f\u0131lamak i\u00e7in, ileri teknolojik yat\u0131r\u0131mlar\u0131, kalite standartlar\u0131m\u0131za entegre etmek ve m\u00fc\u015fterilerimizin y\u00fczde y\u00fcz memnuniyetini sa\u011flamak.\n\nSipari\u015f \u00f6ncesinde ve sonras\u0131ndaki t\u00fcm s\u00fcre\u00e7lerin do\u011fru \u015fekilde i\u015fleyebilmesi i\u00e7in, m\u00fc\u015fterilerimiz taraf\u0131ndan akredite edilmi\u015f fiziksel ve kimyasal laboratuvarlar\u0131m\u0131z ve donan\u0131ml\u0131 Kalite G\u00fcvence ekibimiz ile \u00fcr\u00fcn kalitesi ve standartlara uygun, s\u00fcrd\u00fcr\u00fclebilir bir \u00fcretim y\u00f6netimini sa\u011fl\u0131yoruz.\t<\/p>\n\t<\/div>\n\t\t<\/div>\n\t\t\t\t<\/div>\n\t\t\t\t\t<\/div>\n\t\t<\/div>\n\t\t\t\t<div class=\"elementor-column elementor-col-50 elementor-top-column elementor-element elementor-element-c6f48c1\" data-id=\"c6f48c1\" data-element_type=\"column\" data-settings=\"{&quot;background_background&quot;:&quot;classic&quot;}\">\n\t\t\t<div class=\"elementor-widget-wrap elementor-element-populated\">\n\t\t\t\t\t\t\t\t<div class=\"elementor-element elementor-element-f4f018c elementor-widget elementor-widget-halstein_core_single_image\" data-id=\"f4f018c\" data-element_type=\"widget\" data-widget_type=\"halstein_core_single_image.default\">\n\t\t\t\t<div class=\"elementor-widget-container\">\n\t\t\t<div class=\"qodef-shortcode qodef-m  qodef-single-image qodef-layout--default     \">\n\t<div class=\"qodef-m-image qodef-zoom-scroll\">\n\t\t\t\t<img loading=\"lazy\" decoding=\"async\" width=\"960\" height=\"615\" src=\"https:\/\/www.mil-may.com.tr\/wp-content\/uploads\/2023\/08\/kalite-box.jpg\" class=\"attachment-full size-full\" alt=\"\" srcset=\"https:\/\/www.mil-may.com.tr\/wp-content\/uploads\/2023\/08\/kalite-box.jpg 960w, https:\/\/www.mil-may.com.tr\/wp-content\/uploads\/2023\/08\/kalite-box-300x192.jpg 300w, https:\/\/www.mil-may.com.tr\/wp-content\/uploads\/2023\/08\/kalite-box-768x492.jpg 768w\" sizes=\"auto, (max-width: 960px) 100vw, 960px\" \/>\t\t\t<\/div>\n<\/div>\n\t\t<\/div>\n\t\t\t\t<\/div>\n\t\t\t\t\t<\/div>\n\t\t<\/div>\n\t\t\t\t\t\t\t<\/div>\n\t\t<\/section>\n\t\t\t\t<section class=\"elementor-section elementor-top-section elementor-element elementor-element-2736c17 elementor-section-content-middle elementor-section-boxed elementor-section-height-default elementor-section-height-default qodef-elementor-content-no\" data-id=\"2736c17\" data-element_type=\"section\">\n\t\t\t\t\t\t<div class=\"elementor-container elementor-column-gap-default\">\n\t\t\t\t\t<div class=\"elementor-column elementor-col-100 elementor-top-column elementor-element elementor-element-57f20f1\" data-id=\"57f20f1\" data-element_type=\"column\">\n\t\t\t<div class=\"elementor-widget-wrap elementor-element-populated\">\n\t\t\t\t\t\t\t\t<div class=\"elementor-element elementor-element-6337abb elementor-widget elementor-widget-halstein_core_section_title\" data-id=\"6337abb\" data-element_type=\"widget\" data-widget_type=\"halstein_core_section_title.default\">\n\t\t\t\t<div class=\"elementor-widget-container\">\n\t\t\t<div class=\"qodef-shortcode qodef-m  qodef-section-title qodef-alignment--center  \">\n\t\t\t<h2 class=\"qodef-m-title\" style=\"font-size: 45px\">\n\t\t\t\t\tSertifikalar\u0131m\u0131z\t\t\t<\/h2>\n\t\t\t<\/div>\n\t\t<\/div>\n\t\t\t\t<\/div>\n\t\t\t\t\t<\/div>\n\t\t<\/div>\n\t\t\t\t\t\t\t<\/div>\n\t\t<\/section>\n\t\t\t\t<section class=\"elementor-section elementor-top-section elementor-element elementor-element-e2c3edb elementor-section-boxed elementor-section-height-default elementor-section-height-default qodef-elementor-content-no\" data-id=\"e2c3edb\" data-element_type=\"section\">\n\t\t\t\t\t\t<div class=\"elementor-container elementor-column-gap-default\">\n\t\t\t\t\t<div class=\"elementor-column elementor-col-33 elementor-top-column elementor-element elementor-element-1549aa1\" data-id=\"1549aa1\" data-element_type=\"column\">\n\t\t\t<div class=\"elementor-widget-wrap elementor-element-populated\">\n\t\t\t\t\t\t\t\t<div class=\"elementor-element elementor-element-0fab453 elementor-widget elementor-widget-halstein_core_icon_with_text\" data-id=\"0fab453\" data-element_type=\"widget\" data-widget_type=\"halstein_core_icon_with_text.default\">\n\t\t\t\t<div class=\"elementor-widget-container\">\n\t\t\t<div class=\"qodef-shortcode qodef-m  qodef-icon-with-text qodef-layout--top qodef--custom-icon qodef--retina  qodef-alignment--center\">\n\t<div class=\"qodef-m-icon-wrapper\" >\n\t\t\t\t\t<img loading=\"lazy\" decoding=\"async\" width=\"195\" height=\"195\" src=\"https:\/\/www.mil-may.com.tr\/wp-content\/uploads\/2023\/08\/1.jpg\" class=\"attachment-full size-full\" alt=\"\" srcset=\"https:\/\/www.mil-may.com.tr\/wp-content\/uploads\/2023\/08\/1.jpg 195w, https:\/\/www.mil-may.com.tr\/wp-content\/uploads\/2023\/08\/1-150x150.jpg 150w\" sizes=\"auto, (max-width: 195px) 100vw, 195px\" \/>\t\t<\/div>\n\t<div class=\"qodef-m-content\">\n\t\t\t\t\t\t\t<\/div>\n<\/div>\n\t\t<\/div>\n\t\t\t\t<\/div>\n\t\t\t\t\t<\/div>\n\t\t<\/div>\n\t\t\t\t<div class=\"elementor-column elementor-col-33 elementor-top-column elementor-element elementor-element-95061a0\" data-id=\"95061a0\" data-element_type=\"column\">\n\t\t\t<div class=\"elementor-widget-wrap elementor-element-populated\">\n\t\t\t\t\t\t\t\t<div class=\"elementor-element elementor-element-616fba2 elementor-widget elementor-widget-halstein_core_icon_with_text\" data-id=\"616fba2\" data-element_type=\"widget\" data-widget_type=\"halstein_core_icon_with_text.default\">\n\t\t\t\t<div class=\"elementor-widget-container\">\n\t\t\t<div class=\"qodef-shortcode qodef-m  qodef-icon-with-text qodef-layout--top qodef--custom-icon qodef--retina  qodef-alignment--center\">\n\t<div class=\"qodef-m-icon-wrapper\" >\n\t\t\t\t\t<img loading=\"lazy\" decoding=\"async\" width=\"195\" height=\"195\" src=\"https:\/\/www.mil-may.com.tr\/wp-content\/uploads\/2023\/08\/2.jpg\" class=\"attachment-full size-full\" alt=\"\" srcset=\"https:\/\/www.mil-may.com.tr\/wp-content\/uploads\/2023\/08\/2.jpg 195w, https:\/\/www.mil-may.com.tr\/wp-content\/uploads\/2023\/08\/2-150x150.jpg 150w\" sizes=\"auto, (max-width: 195px) 100vw, 195px\" \/>\t\t<\/div>\n\t<div class=\"qodef-m-content\">\n\t\t\t\t\t\t\t<\/div>\n<\/div>\n\t\t<\/div>\n\t\t\t\t<\/div>\n\t\t\t\t\t<\/div>\n\t\t<\/div>\n\t\t\t\t<div class=\"elementor-column elementor-col-33 elementor-top-column elementor-element elementor-element-eb632d6\" data-id=\"eb632d6\" data-element_type=\"column\">\n\t\t\t<div class=\"elementor-widget-wrap elementor-element-populated\">\n\t\t\t\t\t\t\t\t<div class=\"elementor-element elementor-element-c124ed5 elementor-widget elementor-widget-halstein_core_icon_with_text\" data-id=\"c124ed5\" data-element_type=\"widget\" data-widget_type=\"halstein_core_icon_with_text.default\">\n\t\t\t\t<div class=\"elementor-widget-container\">\n\t\t\t<div class=\"qodef-shortcode qodef-m  qodef-icon-with-text qodef-layout--top qodef--custom-icon qodef--retina  qodef-alignment--center\">\n\t<div class=\"qodef-m-icon-wrapper\" >\n\t\t\t\t\t<img loading=\"lazy\" decoding=\"async\" width=\"195\" height=\"195\" src=\"https:\/\/www.mil-may.com.tr\/wp-content\/uploads\/2023\/08\/3.jpg\" class=\"attachment-full size-full\" alt=\"\" srcset=\"https:\/\/www.mil-may.com.tr\/wp-content\/uploads\/2023\/08\/3.jpg 195w, https:\/\/www.mil-may.com.tr\/wp-content\/uploads\/2023\/08\/3-150x150.jpg 150w\" sizes=\"auto, (max-width: 195px) 100vw, 195px\" \/>\t\t<\/div>\n\t<div class=\"qodef-m-content\">\n\t\t\t\t\t\t\t<\/div>\n<\/div>\n\t\t<\/div>\n\t\t\t\t<\/div>\n\t\t\t\t\t<\/div>\n\t\t<\/div>\n\t\t\t\t\t\t\t<\/div>\n\t\t<\/section>\n\t\t\t\t<section class=\"elementor-section elementor-top-section elementor-element elementor-element-114b3ef elementor-section-boxed elementor-section-height-default elementor-section-height-default qodef-elementor-content-no\" data-id=\"114b3ef\" data-element_type=\"section\">\n\t\t\t\t\t\t<div class=\"elementor-container elementor-column-gap-default\">\n\t\t\t\t\t<div class=\"elementor-column elementor-col-33 elementor-top-column elementor-element elementor-element-3a5710b\" data-id=\"3a5710b\" data-element_type=\"column\">\n\t\t\t<div class=\"elementor-widget-wrap elementor-element-populated\">\n\t\t\t\t\t\t\t\t<div class=\"elementor-element elementor-element-1e33cda elementor-widget elementor-widget-halstein_core_icon_with_text\" data-id=\"1e33cda\" data-element_type=\"widget\" data-widget_type=\"halstein_core_icon_with_text.default\">\n\t\t\t\t<div class=\"elementor-widget-container\">\n\t\t\t<div class=\"qodef-shortcode qodef-m  qodef-icon-with-text qodef-layout--top qodef--custom-icon qodef--retina  qodef-alignment--center\">\n\t<div class=\"qodef-m-icon-wrapper\" >\n\t\t\t\t\t<img loading=\"lazy\" decoding=\"async\" width=\"195\" height=\"195\" src=\"https:\/\/www.mil-may.com.tr\/wp-content\/uploads\/2023\/08\/6.jpg\" class=\"attachment-full size-full\" alt=\"\" srcset=\"https:\/\/www.mil-may.com.tr\/wp-content\/uploads\/2023\/08\/6.jpg 195w, https:\/\/www.mil-may.com.tr\/wp-content\/uploads\/2023\/08\/6-150x150.jpg 150w\" sizes=\"auto, (max-width: 195px) 100vw, 195px\" \/>\t\t<\/div>\n\t<div class=\"qodef-m-content\">\n\t\t\t\t\t\t\t<\/div>\n<\/div>\n\t\t<\/div>\n\t\t\t\t<\/div>\n\t\t\t\t\t<\/div>\n\t\t<\/div>\n\t\t\t\t<div class=\"elementor-column elementor-col-33 elementor-top-column elementor-element elementor-element-c86d9bd\" data-id=\"c86d9bd\" data-element_type=\"column\">\n\t\t\t<div class=\"elementor-widget-wrap elementor-element-populated\">\n\t\t\t\t\t\t\t\t<div class=\"elementor-element elementor-element-741bef4 elementor-widget elementor-widget-halstein_core_icon_with_text\" data-id=\"741bef4\" data-element_type=\"widget\" data-widget_type=\"halstein_core_icon_with_text.default\">\n\t\t\t\t<div class=\"elementor-widget-container\">\n\t\t\t<div class=\"qodef-shortcode qodef-m  qodef-icon-with-text qodef-layout--top qodef--custom-icon qodef--retina  qodef-alignment--center\">\n\t<div class=\"qodef-m-icon-wrapper\" >\n\t\t\t\t\t<img loading=\"lazy\" decoding=\"async\" width=\"195\" height=\"195\" src=\"https:\/\/www.mil-may.com.tr\/wp-content\/uploads\/2023\/08\/7.jpg\" class=\"attachment-full size-full\" alt=\"\" srcset=\"https:\/\/www.mil-may.com.tr\/wp-content\/uploads\/2023\/08\/7.jpg 195w, https:\/\/www.mil-may.com.tr\/wp-content\/uploads\/2023\/08\/7-150x150.jpg 150w\" sizes=\"auto, (max-width: 195px) 100vw, 195px\" \/>\t\t<\/div>\n\t<div class=\"qodef-m-content\">\n\t\t\t\t\t\t\t<\/div>\n<\/div>\n\t\t<\/div>\n\t\t\t\t<\/div>\n\t\t\t\t\t<\/div>\n\t\t<\/div>\n\t\t\t\t<div class=\"elementor-column elementor-col-33 elementor-top-column elementor-element elementor-element-61a0090\" data-id=\"61a0090\" data-element_type=\"column\">\n\t\t\t<div class=\"elementor-widget-wrap elementor-element-populated\">\n\t\t\t\t\t\t\t\t<div class=\"elementor-element elementor-element-dcaeee7 elementor-widget elementor-widget-halstein_core_icon_with_text\" data-id=\"dcaeee7\" data-element_type=\"widget\" data-widget_type=\"halstein_core_icon_with_text.default\">\n\t\t\t\t<div class=\"elementor-widget-container\">\n\t\t\t<div class=\"qodef-shortcode qodef-m  qodef-icon-with-text qodef-layout--top qodef--custom-icon qodef--retina  qodef-alignment--center\">\n\t<div class=\"qodef-m-icon-wrapper\" >\n\t\t\t\t\t<img loading=\"lazy\" decoding=\"async\" width=\"173\" height=\"170\" src=\"https:\/\/www.mil-may.com.tr\/wp-content\/uploads\/2023\/11\/gots.png\" class=\"attachment-full size-full\" alt=\"\" srcset=\"https:\/\/www.mil-may.com.tr\/wp-content\/uploads\/2023\/11\/gots.png 173w, https:\/\/www.mil-may.com.tr\/wp-content\/uploads\/2023\/11\/gots-12x12.png 12w\" sizes=\"auto, (max-width: 173px) 100vw, 173px\" \/>\t\t<\/div>\n\t<div class=\"qodef-m-content\">\n\t\t\t\t\t\t\t<\/div>\n<\/div>\n\t\t<\/div>\n\t\t\t\t<\/div>\n\t\t\t\t\t<\/div>\n\t\t<\/div>\n\t\t\t\t\t\t\t<\/div>\n\t\t<\/section>\n\t\t\t\t<section class=\"elementor-section elementor-top-section elementor-element elementor-element-62af881 elementor-section-boxed elementor-section-height-default elementor-section-height-default qodef-elementor-content-no\" data-id=\"62af881\" data-element_type=\"section\">\n\t\t\t\t\t\t<div class=\"elementor-container elementor-column-gap-default\">\n\t\t\t\t\t<div class=\"elementor-column elementor-col-33 elementor-top-column elementor-element elementor-element-250f033\" data-id=\"250f033\" data-element_type=\"column\">\n\t\t\t<div class=\"elementor-widget-wrap elementor-element-populated\">\n\t\t\t\t\t\t\t\t<div class=\"elementor-element elementor-element-e248694 elementor-widget elementor-widget-halstein_core_icon_with_text\" data-id=\"e248694\" data-element_type=\"widget\" data-widget_type=\"halstein_core_icon_with_text.default\">\n\t\t\t\t<div class=\"elementor-widget-container\">\n\t\t\t<div class=\"qodef-shortcode qodef-m  qodef-icon-with-text qodef-layout--top qodef--custom-icon   qodef-alignment--center\">\n\t<div class=\"qodef-m-icon-wrapper\" >\n\t\t\t\t\t<img loading=\"lazy\" decoding=\"async\" width=\"194\" height=\"111\" src=\"https:\/\/www.mil-may.com.tr\/wp-content\/uploads\/2023\/11\/Grs-l.png\" class=\"attachment-full size-full\" alt=\"\" srcset=\"https:\/\/www.mil-may.com.tr\/wp-content\/uploads\/2023\/11\/Grs-l.png 194w, https:\/\/www.mil-may.com.tr\/wp-content\/uploads\/2023\/11\/Grs-l-18x10.png 18w\" sizes=\"auto, (max-width: 194px) 100vw, 194px\" \/>\t\t<\/div>\n\t<div class=\"qodef-m-content\">\n\t\t\t\t\t\t\t<\/div>\n<\/div>\n\t\t<\/div>\n\t\t\t\t<\/div>\n\t\t\t\t\t<\/div>\n\t\t<\/div>\n\t\t\t\t<div class=\"elementor-column elementor-col-33 elementor-top-column elementor-element elementor-element-3fc4c9f\" data-id=\"3fc4c9f\" data-element_type=\"column\">\n\t\t\t<div class=\"elementor-widget-wrap elementor-element-populated\">\n\t\t\t\t\t\t\t\t<div class=\"elementor-element elementor-element-c1e20a3 elementor-widget elementor-widget-halstein_core_icon_with_text\" data-id=\"c1e20a3\" data-element_type=\"widget\" data-widget_type=\"halstein_core_icon_with_text.default\">\n\t\t\t\t<div class=\"elementor-widget-container\">\n\t\t\t<div class=\"qodef-shortcode qodef-m  qodef-icon-with-text qodef-layout--top qodef--custom-icon qodef--retina  qodef-alignment--center\">\n\t<div class=\"qodef-m-icon-wrapper\" >\n\t\t\t\t\t<img loading=\"lazy\" decoding=\"async\" width=\"173\" height=\"170\" src=\"https:\/\/www.mil-may.com.tr\/wp-content\/uploads\/2023\/11\/ocs-1.jpg\" class=\"attachment-full size-full\" alt=\"\" srcset=\"https:\/\/www.mil-may.com.tr\/wp-content\/uploads\/2023\/11\/ocs-1.jpg 173w, https:\/\/www.mil-may.com.tr\/wp-content\/uploads\/2023\/11\/ocs-1-12x12.jpg 12w\" sizes=\"auto, (max-width: 173px) 100vw, 173px\" \/>\t\t<\/div>\n\t<div class=\"qodef-m-content\">\n\t\t\t\t\t\t\t<\/div>\n<\/div>\n\t\t<\/div>\n\t\t\t\t<\/div>\n\t\t\t\t\t<\/div>\n\t\t<\/div>\n\t\t\t\t<div class=\"elementor-column elementor-col-33 elementor-top-column elementor-element elementor-element-5acc834\" data-id=\"5acc834\" data-element_type=\"column\">\n\t\t\t<div class=\"elementor-widget-wrap elementor-element-populated\">\n\t\t\t\t\t\t\t\t<div class=\"elementor-element elementor-element-3890934 elementor-widget elementor-widget-halstein_core_icon_with_text\" data-id=\"3890934\" data-element_type=\"widget\" data-widget_type=\"halstein_core_icon_with_text.default\">\n\t\t\t\t<div class=\"elementor-widget-container\">\n\t\t\t<div class=\"qodef-shortcode qodef-m  qodef-icon-with-text qodef-layout--top qodef--custom-icon qodef--retina  qodef-alignment--center\">\n\t<div class=\"qodef-m-icon-wrapper\" >\n\t\t\t\t\t<img loading=\"lazy\" decoding=\"async\" width=\"173\" height=\"170\" src=\"https:\/\/www.mil-may.com.tr\/wp-content\/uploads\/2023\/11\/rcs.jpg\" class=\"attachment-full size-full\" alt=\"\" srcset=\"https:\/\/www.mil-may.com.tr\/wp-content\/uploads\/2023\/11\/rcs.jpg 173w, https:\/\/www.mil-may.com.tr\/wp-content\/uploads\/2023\/11\/rcs-12x12.jpg 12w\" sizes=\"auto, (max-width: 173px) 100vw, 173px\" \/>\t\t<\/div>\n\t<div class=\"qodef-m-content\">\n\t\t\t\t\t\t\t<\/div>\n<\/div>\n\t\t<\/div>\n\t\t\t\t<\/div>\n\t\t\t\t\t<\/div>\n\t\t<\/div>\n\t\t\t\t\t\t\t<\/div>\n\t\t<\/section>\n\t\t\t\t\t\t\t<\/div>\n\t\t","protected":false},"excerpt":{"rendered":"<p>\u00dcretim Numune s\u00fcrecinde ald\u0131\u011f\u0131m\u0131z kritiklerinizi bulgular\u0131m\u0131z\u0131 eksiksiz olarak konfeksiyon \u00fcretim bantlar\u0131m\u0131za aktar\u0131yoruz. \u00c7ocuk, erkek ve kad\u0131n \u00f6rme haz\u0131r giyim sipari\u015flerinizde kullanaca\u011f\u0131m\u0131z kuma\u015flar\u0131 son teknoloji makinelerle kontrol ediyor ve minimum israfla kesiyoruz. Ayl\u0131k yakla\u015f\u0131k 1 milyonu a\u015fk\u0131n \u00fcr\u00fcn kapasitesine sahip fabrikalar\u0131m\u0131zda her \u00fcr\u00fcn geli\u015ftirme deneyimini \u00f6zel olarak tasarl\u0131yor, \u00e7evreye ve insana sayg\u0131l\u0131 iyi tekstil \u00fcretim pratikleri [&hellip;]<\/p>\n","protected":false},"author":1,"featured_media":0,"parent":12332,"menu_order":0,"comment_status":"closed","ping_status":"closed","template":"page-full-width.php","meta":{"om_disable_all_campaigns":false,"_monsterinsights_skip_tracking":false,"_monsterinsights_sitenote_active":false,"_monsterinsights_sitenote_note":"","_monsterinsights_sitenote_category":0,"footnotes":""},"class_list":["post-11665","page","type-page","status-publish","hentry"],"aioseo_notices":[],"_links":{"self":[{"href":"https:\/\/www.mil-may.com.tr\/tr\/wp-json\/wp\/v2\/pages\/11665","targetHints":{"allow":["GET"]}}],"collection":[{"href":"https:\/\/www.mil-may.com.tr\/tr\/wp-json\/wp\/v2\/pages"}],"about":[{"href":"https:\/\/www.mil-may.com.tr\/tr\/wp-json\/wp\/v2\/types\/page"}],"author":[{"embeddable":true,"href":"https:\/\/www.mil-may.com.tr\/tr\/wp-json\/wp\/v2\/users\/1"}],"replies":[{"embeddable":true,"href":"https:\/\/www.mil-may.com.tr\/tr\/wp-json\/wp\/v2\/comments?post=11665"}],"version-history":[{"count":73,"href":"https:\/\/www.mil-may.com.tr\/tr\/wp-json\/wp\/v2\/pages\/11665\/revisions"}],"predecessor-version":[{"id":12801,"href":"https:\/\/www.mil-may.com.tr\/tr\/wp-json\/wp\/v2\/pages\/11665\/revisions\/12801"}],"up":[{"embeddable":true,"href":"https:\/\/www.mil-may.com.tr\/tr\/wp-json\/wp\/v2\/pages\/12332"}],"wp:attachment":[{"href":"https:\/\/www.mil-may.com.tr\/tr\/wp-json\/wp\/v2\/media?parent=11665"}],"curies":[{"name":"wp","href":"https:\/\/api.w.org\/{rel}","templated":true}]}}