{"id":11702,"date":"2021-10-07T08:32:19","date_gmt":"2021-10-07T05:32:19","guid":{"rendered":"https:\/\/www.mil-may.com.tr\/?page_id=11702"},"modified":"2023-08-07T11:56:15","modified_gmt":"2023-08-07T08:56:15","slug":"mil-me-dis-tic","status":"publish","type":"page","link":"https:\/\/www.mil-may.com.tr\/tr\/hizmetlerimiz\/mil-me-dis-tic\/","title":{"rendered":"Mil-Me D\u0131\u015f. Tic."},"content":{"rendered":"\t\t<div data-elementor-type=\"wp-page\" data-elementor-id=\"11702\" class=\"elementor elementor-11702\">\n\t\t\t\t\t\t\t\t\t<section class=\"elementor-section elementor-top-section elementor-element elementor-element-eb46a75 elementor-section-full_width elementor-section-height-default elementor-section-height-default qodef-elementor-content-no\" data-id=\"eb46a75\" data-element_type=\"section\">\n\t\t\t\t\t\t<div class=\"elementor-container elementor-column-gap-default\">\n\t\t\t\t\t<div class=\"elementor-column elementor-col-50 elementor-top-column elementor-element elementor-element-745b2e4\" data-id=\"745b2e4\" data-element_type=\"column\">\n\t\t\t<div class=\"elementor-widget-wrap elementor-element-populated\">\n\t\t\t\t\t\t\t\t<div class=\"elementor-element elementor-element-2e5cdf6 elementor-widget elementor-widget-halstein_core_single_image\" data-id=\"2e5cdf6\" data-element_type=\"widget\" data-widget_type=\"halstein_core_single_image.default\">\n\t\t\t\t<div class=\"elementor-widget-container\">\n\t\t\t<div class=\"qodef-shortcode qodef-m  qodef-single-image qodef-layout--default     \">\n\t<div class=\"qodef-m-image qodef-zoom-scroll\">\n\t\t\t\t<img loading=\"lazy\" decoding=\"async\" width=\"960\" height=\"615\" src=\"https:\/\/www.mil-may.com.tr\/wp-content\/uploads\/2023\/08\/ticaret-box-v2.jpg\" class=\"attachment-full size-full\" alt=\"\" srcset=\"https:\/\/www.mil-may.com.tr\/wp-content\/uploads\/2023\/08\/ticaret-box-v2.jpg 960w, https:\/\/www.mil-may.com.tr\/wp-content\/uploads\/2023\/08\/ticaret-box-v2-300x192.jpg 300w, https:\/\/www.mil-may.com.tr\/wp-content\/uploads\/2023\/08\/ticaret-box-v2-768x492.jpg 768w\" sizes=\"auto, (max-width: 960px) 100vw, 960px\" \/>\t\t\t<\/div>\n<\/div>\n\t\t<\/div>\n\t\t\t\t<\/div>\n\t\t\t\t\t<\/div>\n\t\t<\/div>\n\t\t\t\t<div class=\"elementor-column elementor-col-50 elementor-top-column elementor-element elementor-element-8304b5b\" data-id=\"8304b5b\" data-element_type=\"column\">\n\t\t\t<div class=\"elementor-widget-wrap elementor-element-populated\">\n\t\t\t\t\t\t\t\t<div class=\"elementor-element elementor-element-6b010d8 elementor-widget__width-initial elementor-widget-tablet__width-inherit elementor-widget elementor-widget-halstein_core_section_title\" data-id=\"6b010d8\" data-element_type=\"widget\" data-widget_type=\"halstein_core_section_title.default\">\n\t\t\t\t<div class=\"elementor-widget-container\">\n\t\t\t<div class=\"qodef-shortcode qodef-m  qodef-section-title qodef-alignment--left  \">\n\t\t\t<h3 class=\"qodef-m-title\" >\n\t\t\t\t\tMil-Me D\u0131\u015f. Tic.\t\t\t<\/h3>\n\t\t\t<p class=\"qodef-m-text-field\" >\n\t\tM\u00fc\u015fterilerimizin hesapl\u0131 ve \u015f\u0131k  s\u00fcrd\u00fcr\u00fclebilir tekstil \u00fcr\u00fcnleri ile hep g\u00f6z \u00fcn\u00fcnde olmas\u0131n\u0131 ve tercih edilmelerini sa\u011flarken, operasyonel s\u00fcre\u00e7lerde de \u00fcst kalite hizmeti almalar\u0131 i\u00e7in \u00e7al\u0131\u015f\u0131yoruz. Bu bilin\u00e7le d\u0131\u015f ticaret firmam\u0131z Mil-Me\u2019yi, y\u00f6netim birimlerimizin tam kalbinde, 12.000 metrekarelik \u0130stanbul merkez fabrikam\u0131zda a\u00e7t\u0131k.\nMil-Me D\u0131\u015f Ticaret ihracat, ithalat ve g\u00fcmr\u00fckleme \u00fczerinde tecr\u00fcbesiyle daha az girdi ile daha y\u00fcksek katma de\u011fer sunmam\u0131za destek oluyor. Bu sayede t\u00fcm m\u00fc\u015fterilerimiz Mil-May \u00fcretim ayr\u0131cal\u0131klar\u0131na \u00e7ok daha kolay ula\u015f\u0131yor.\t<\/p>\n\t<\/div>\n\t\t<\/div>\n\t\t\t\t<\/div>\n\t\t\t\t\t<\/div>\n\t\t<\/div>\n\t\t\t\t\t\t\t<\/div>\n\t\t<\/section>\n\t\t\t\t\t\t\t<\/div>\n\t\t","protected":false},"excerpt":{"rendered":"<p>Mil-Me D\u0131\u015f. Tic. M\u00fc\u015fterilerimizin hesapl\u0131 ve \u015f\u0131k s\u00fcrd\u00fcr\u00fclebilir tekstil \u00fcr\u00fcnleri ile hep g\u00f6z \u00fcn\u00fcnde olmas\u0131n\u0131 ve tercih edilmelerini sa\u011flarken, operasyonel s\u00fcre\u00e7lerde de \u00fcst kalite hizmeti almalar\u0131 i\u00e7in \u00e7al\u0131\u015f\u0131yoruz. Bu bilin\u00e7le d\u0131\u015f ticaret firmam\u0131z Mil-Me\u2019yi, y\u00f6netim birimlerimizin tam kalbinde, 12.000 metrekarelik \u0130stanbul merkez fabrikam\u0131zda a\u00e7t\u0131k. Mil-Me D\u0131\u015f Ticaret ihracat, ithalat ve g\u00fcmr\u00fckleme \u00fczerinde tecr\u00fcbesiyle daha az [&hellip;]<\/p>\n","protected":false},"author":1,"featured_media":0,"parent":12332,"menu_order":0,"comment_status":"closed","ping_status":"closed","template":"page-full-width.php","meta":{"om_disable_all_campaigns":false,"_monsterinsights_skip_tracking":false,"_monsterinsights_sitenote_active":false,"_monsterinsights_sitenote_note":"","_monsterinsights_sitenote_category":0,"footnotes":""},"class_list":["post-11702","page","type-page","status-publish","hentry"],"aioseo_notices":[],"_links":{"self":[{"href":"https:\/\/www.mil-may.com.tr\/tr\/wp-json\/wp\/v2\/pages\/11702","targetHints":{"allow":["GET"]}}],"collection":[{"href":"https:\/\/www.mil-may.com.tr\/tr\/wp-json\/wp\/v2\/pages"}],"about":[{"href":"https:\/\/www.mil-may.com.tr\/tr\/wp-json\/wp\/v2\/types\/page"}],"author":[{"embeddable":true,"href":"https:\/\/www.mil-may.com.tr\/tr\/wp-json\/wp\/v2\/users\/1"}],"replies":[{"embeddable":true,"href":"https:\/\/www.mil-may.com.tr\/tr\/wp-json\/wp\/v2\/comments?post=11702"}],"version-history":[{"count":38,"href":"https:\/\/www.mil-may.com.tr\/tr\/wp-json\/wp\/v2\/pages\/11702\/revisions"}],"predecessor-version":[{"id":12634,"href":"https:\/\/www.mil-may.com.tr\/tr\/wp-json\/wp\/v2\/pages\/11702\/revisions\/12634"}],"up":[{"embeddable":true,"href":"https:\/\/www.mil-may.com.tr\/tr\/wp-json\/wp\/v2\/pages\/12332"}],"wp:attachment":[{"href":"https:\/\/www.mil-may.com.tr\/tr\/wp-json\/wp\/v2\/media?parent=11702"}],"curies":[{"name":"wp","href":"https:\/\/api.w.org\/{rel}","templated":true}]}}