{"id":12332,"date":"2021-10-07T08:32:19","date_gmt":"2021-10-07T05:32:19","guid":{"rendered":"https:\/\/www.mil-may.com.tr\/?page_id=12332"},"modified":"2023-08-04T08:38:37","modified_gmt":"2023-08-04T05:38:37","slug":"hizmetlerimiz","status":"publish","type":"page","link":"https:\/\/www.mil-may.com.tr\/tr\/hizmetlerimiz\/","title":{"rendered":"Hizmetlerimiz"},"content":{"rendered":"\t\t<div data-elementor-type=\"wp-page\" data-elementor-id=\"12332\" class=\"elementor elementor-12332\">\n\t\t\t\t\t\t\t\t\t<section class=\"elementor-section elementor-top-section elementor-element elementor-element-5d07949 elementor-section-boxed elementor-section-height-default elementor-section-height-default qodef-elementor-content-no\" data-id=\"5d07949\" data-element_type=\"section\">\n\t\t\t\t\t\t<div class=\"elementor-container elementor-column-gap-default\">\n\t\t\t\t\t<div class=\"elementor-column elementor-col-33 elementor-top-column elementor-element elementor-element-a3a92fd\" data-id=\"a3a92fd\" data-element_type=\"column\">\n\t\t\t<div class=\"elementor-widget-wrap elementor-element-populated\">\n\t\t\t\t\t\t\t\t<div class=\"elementor-element elementor-element-a6961e0 elementor-widget elementor-widget-halstein_core_image_with_text\" data-id=\"a6961e0\" data-element_type=\"widget\" data-widget_type=\"halstein_core_image_with_text.default\">\n\t\t\t\t<div class=\"elementor-widget-container\">\n\t\t\t<div class=\"qodef-shortcode qodef-m  qodef-image-with-text qodef-layout--text-below \">\n\t<div class=\"qodef-m-image\">\n\t\t\t<a itemprop=\"url\" href=\"\/hizmetlerimiz\/tasarim\" target=\"_self\">\n\t\t\t<img loading=\"lazy\" decoding=\"async\" width=\"960\" height=\"615\" src=\"https:\/\/www.mil-may.com.tr\/wp-content\/uploads\/2023\/08\/tasarim-box.jpg\" class=\"attachment-full size-full\" alt=\"\" srcset=\"https:\/\/www.mil-may.com.tr\/wp-content\/uploads\/2023\/08\/tasarim-box.jpg 960w, https:\/\/www.mil-may.com.tr\/wp-content\/uploads\/2023\/08\/tasarim-box-300x192.jpg 300w, https:\/\/www.mil-may.com.tr\/wp-content\/uploads\/2023\/08\/tasarim-box-768x492.jpg 768w\" sizes=\"auto, (max-width: 960px) 100vw, 960px\" \/>\t\t\t<\/a>\n\t<\/div>\n\t<div class=\"qodef-m-content\">\n\t\t<div class=\"qodef-m-content-inner\">\n\t\t\t\t<h5 class=\"qodef-m-title\" >\n\t\t\t\t\t<a itemprop=\"url\" href=\"\/hizmetlerimiz\/tasarim\" target=\"_self\">\n\t\t\t\t\tTasar\u0131m\t\t\t\t\t<\/a>\n\t\t\t<\/h5>\n\t\t\t\t\t\t\t\t<\/div>\n\t\t\t<\/div>\n<\/div>\n\t\t<\/div>\n\t\t\t\t<\/div>\n\t\t\t\t\t<\/div>\n\t\t<\/div>\n\t\t\t\t<div class=\"elementor-column elementor-col-33 elementor-top-column elementor-element elementor-element-0e905de\" data-id=\"0e905de\" data-element_type=\"column\">\n\t\t\t<div class=\"elementor-widget-wrap elementor-element-populated\">\n\t\t\t\t\t\t\t\t<div class=\"elementor-element elementor-element-b170ac1 elementor-widget elementor-widget-halstein_core_image_with_text\" data-id=\"b170ac1\" data-element_type=\"widget\" data-widget_type=\"halstein_core_image_with_text.default\">\n\t\t\t\t<div class=\"elementor-widget-container\">\n\t\t\t<div class=\"qodef-shortcode qodef-m  qodef-image-with-text qodef-layout--text-below \">\n\t<div class=\"qodef-m-image\">\n\t\t\t<a itemprop=\"url\" href=\"\/hizmetlerimiz\/uretim\" target=\"_self\">\n\t\t\t<img loading=\"lazy\" decoding=\"async\" width=\"960\" height=\"615\" src=\"https:\/\/www.mil-may.com.tr\/wp-content\/uploads\/2023\/08\/uretim-box.jpg\" class=\"attachment-full size-full\" alt=\"\" srcset=\"https:\/\/www.mil-may.com.tr\/wp-content\/uploads\/2023\/08\/uretim-box.jpg 960w, https:\/\/www.mil-may.com.tr\/wp-content\/uploads\/2023\/08\/uretim-box-300x192.jpg 300w, https:\/\/www.mil-may.com.tr\/wp-content\/uploads\/2023\/08\/uretim-box-768x492.jpg 768w\" sizes=\"auto, (max-width: 960px) 100vw, 960px\" \/>\t\t\t<\/a>\n\t<\/div>\n\t<div class=\"qodef-m-content\">\n\t\t<div class=\"qodef-m-content-inner\">\n\t\t\t\t<h5 class=\"qodef-m-title\" >\n\t\t\t\t\t<a itemprop=\"url\" href=\"\/hizmetlerimiz\/uretim\" target=\"_self\">\n\t\t\t\t\t\u00dcretim\t\t\t\t\t<\/a>\n\t\t\t<\/h5>\n\t\t\t\t\t\t\t\t<\/div>\n\t\t\t<\/div>\n<\/div>\n\t\t<\/div>\n\t\t\t\t<\/div>\n\t\t\t\t\t<\/div>\n\t\t<\/div>\n\t\t\t\t<div class=\"elementor-column elementor-col-33 elementor-top-column elementor-element elementor-element-89a3e21\" data-id=\"89a3e21\" data-element_type=\"column\">\n\t\t\t<div class=\"elementor-widget-wrap elementor-element-populated\">\n\t\t\t\t\t\t\t\t<div class=\"elementor-element elementor-element-3bef6f2 elementor-widget elementor-widget-halstein_core_image_with_text\" data-id=\"3bef6f2\" data-element_type=\"widget\" data-widget_type=\"halstein_core_image_with_text.default\">\n\t\t\t\t<div class=\"elementor-widget-container\">\n\t\t\t<div class=\"qodef-shortcode qodef-m  qodef-image-with-text qodef-layout--text-below \">\n\t<div class=\"qodef-m-image\">\n\t\t\t<a itemprop=\"url\" href=\"\/hizmetlerimiz\/mil-me-dis-tic\/\" target=\"_self\">\n\t\t\t<img loading=\"lazy\" decoding=\"async\" width=\"960\" height=\"615\" src=\"https:\/\/www.mil-may.com.tr\/wp-content\/uploads\/2023\/08\/misyon-misyon-box.jpg\" class=\"attachment-full size-full\" alt=\"\" srcset=\"https:\/\/www.mil-may.com.tr\/wp-content\/uploads\/2023\/08\/misyon-misyon-box.jpg 960w, https:\/\/www.mil-may.com.tr\/wp-content\/uploads\/2023\/08\/misyon-misyon-box-300x192.jpg 300w, https:\/\/www.mil-may.com.tr\/wp-content\/uploads\/2023\/08\/misyon-misyon-box-768x492.jpg 768w\" sizes=\"auto, (max-width: 960px) 100vw, 960px\" \/>\t\t\t<\/a>\n\t<\/div>\n\t<div class=\"qodef-m-content\">\n\t\t<div class=\"qodef-m-content-inner\">\n\t\t\t\t<h5 class=\"qodef-m-title\" >\n\t\t\t\t\t<a itemprop=\"url\" href=\"\/hizmetlerimiz\/mil-me-dis-tic\/\" target=\"_self\">\n\t\t\t\t\tMil-Me D\u0131\u015f. Tic.\t\t\t\t\t<\/a>\n\t\t\t<\/h5>\n\t\t\t\t\t\t\t\t<\/div>\n\t\t\t<\/div>\n<\/div>\n\t\t<\/div>\n\t\t\t\t<\/div>\n\t\t\t\t\t<\/div>\n\t\t<\/div>\n\t\t\t\t\t\t\t<\/div>\n\t\t<\/section>\n\t\t\t\t\t\t\t<\/div>\n\t\t","protected":false},"excerpt":{"rendered":"<p>Tasar\u0131m \u00dcretim Mil-Me D\u0131\u015f. Tic.<\/p>\n","protected":false},"author":1,"featured_media":0,"parent":0,"menu_order":0,"comment_status":"closed","ping_status":"closed","template":"page-full-width.php","meta":{"om_disable_all_campaigns":false,"_monsterinsights_skip_tracking":false,"_monsterinsights_sitenote_active":false,"_monsterinsights_sitenote_note":"","_monsterinsights_sitenote_category":0,"footnotes":""},"class_list":["post-12332","page","type-page","status-publish","hentry"],"aioseo_notices":[],"_links":{"self":[{"href":"https:\/\/www.mil-may.com.tr\/tr\/wp-json\/wp\/v2\/pages\/12332","targetHints":{"allow":["GET"]}}],"collection":[{"href":"https:\/\/www.mil-may.com.tr\/tr\/wp-json\/wp\/v2\/pages"}],"about":[{"href":"https:\/\/www.mil-may.com.tr\/tr\/wp-json\/wp\/v2\/types\/page"}],"author":[{"embeddable":true,"href":"https:\/\/www.mil-may.com.tr\/tr\/wp-json\/wp\/v2\/users\/1"}],"replies":[{"embeddable":true,"href":"https:\/\/www.mil-may.com.tr\/tr\/wp-json\/wp\/v2\/comments?post=12332"}],"version-history":[{"count":17,"href":"https:\/\/www.mil-may.com.tr\/tr\/wp-json\/wp\/v2\/pages\/12332\/revisions"}],"predecessor-version":[{"id":12504,"href":"https:\/\/www.mil-may.com.tr\/tr\/wp-json\/wp\/v2\/pages\/12332\/revisions\/12504"}],"wp:attachment":[{"href":"https:\/\/www.mil-may.com.tr\/tr\/wp-json\/wp\/v2\/media?parent=12332"}],"curies":[{"name":"wp","href":"https:\/\/api.w.org\/{rel}","templated":true}]}}